{"id":66,"date":"2019-01-11T06:20:56","date_gmt":"2019-01-11T06:20:56","guid":{"rendered":"http:\/\/localhost\/panel\/xpeedstudio\/wp\/automobil\/?page_id=66"},"modified":"2025-04-09T15:57:52","modified_gmt":"2025-04-09T15:57:52","slug":"services-all","status":"publish","type":"page","link":"https:\/\/www.snoticias.co.mz\/?page_id=66","title":{"rendered":"Gr\u00e1fica"},"content":{"rendered":"\t\t<div data-elementor-type=\"wp-post\" data-elementor-id=\"66\" class=\"elementor elementor-66\" data-elementor-settings=\"[]\">\n\t\t\t\t\t\t<div class=\"elementor-inner\">\n\t\t\t\t\t\t\t<div class=\"elementor-section-wrap\">\n\t\t\t\t\t\t\t<section class=\"elementor-section elementor-top-section elementor-element elementor-element-8136dc0 elementor-section-boxed elementor-section-height-default elementor-section-height-default\" data-id=\"8136dc0\" data-element_type=\"section\">\n\t\t\t\t\t\t<div class=\"elementor-container elementor-column-gap-default\">\n\t\t\t\t\t\t\t<div class=\"elementor-row\">\n\t\t\t\t\t<div class=\"elementor-column elementor-col-100 elementor-top-column elementor-element elementor-element-f949ae9\" data-id=\"f949ae9\" data-element_type=\"column\">\n\t\t\t<div class=\"elementor-column-wrap elementor-element-populated\">\n\t\t\t\t\t\t\t<div class=\"elementor-widget-wrap\">\n\t\t\t\t\t\t<div class=\"elementor-element elementor-element-accc6cf elementor-aspect-ratio-169 elementor-widget elementor-widget-video\" data-id=\"accc6cf\" data-element_type=\"widget\" data-settings=\"{&quot;video_type&quot;:&quot;hosted&quot;,&quot;controls&quot;:&quot;yes&quot;,&quot;aspect_ratio&quot;:&quot;169&quot;}\" data-widget_type=\"video.default\">\n\t\t\t\t<div class=\"elementor-widget-container\">\n\t\t\t\t\t<div class=\"e-hosted-video elementor-wrapper elementor-fit-aspect-ratio elementor-open-inline\">\n\t\t\t\t\t<video class=\"elementor-video\" src=\"https:\/\/www.snoticias.co.mz\/wp-content\/uploads\/2024\/08\/sn.mp4\" controls=\"\" poster=\"https:\/\/www.snoticias.co.mz\/wp-content\/uploads\/2024\/08\/Grafic-SN-1.jpg\"><\/video>\n\t\t\t\t<\/div>\n\t\t\t\t<\/div>\n\t\t\t\t<\/div>\n\t\t\t\t\t\t<\/div>\n\t\t\t\t\t<\/div>\n\t\t<\/div>\n\t\t\t\t\t\t\t\t<\/div>\n\t\t\t\t\t<\/div>\n\t\t<\/section>\n\t\t\t\t<section class=\"elementor-section elementor-top-section elementor-element elementor-element-f56c7e4 elementor-section-boxed elementor-section-height-default elementor-section-height-default\" data-id=\"f56c7e4\" data-element_type=\"section\">\n\t\t\t\t\t\t<div class=\"elementor-container elementor-column-gap-default\">\n\t\t\t\t\t\t\t<div class=\"elementor-row\">\n\t\t\t\t\t<div class=\"elementor-column elementor-col-100 elementor-top-column elementor-element elementor-element-cfdee3e\" data-id=\"cfdee3e\" data-element_type=\"column\">\n\t\t\t<div class=\"elementor-column-wrap elementor-element-populated\">\n\t\t\t\t\t\t\t<div class=\"elementor-widget-wrap\">\n\t\t\t\t\t\t<div class=\"elementor-element elementor-element-014dbd5 elementor-widget elementor-widget-heading\" data-id=\"014dbd5\" data-element_type=\"widget\" data-widget_type=\"heading.default\">\n\t\t\t\t<div class=\"elementor-widget-container\">\n\t\t\t<h2 class=\"elementor-heading-title elementor-size-default\">Gr\u00e1fica<\/h2>\t\t<\/div>\n\t\t\t\t<\/div>\n\t\t\t\t\t\t<\/div>\n\t\t\t\t\t<\/div>\n\t\t<\/div>\n\t\t\t\t\t\t\t\t<\/div>\n\t\t\t\t\t<\/div>\n\t\t<\/section>\n\t\t\t\t<section class=\"elementor-section elementor-top-section elementor-element elementor-element-6229a38 elementor-section-boxed elementor-section-height-default elementor-section-height-default\" data-id=\"6229a38\" data-element_type=\"section\" data-settings=\"{&quot;background_background&quot;:&quot;classic&quot;}\">\n\t\t\t\t\t\t<div class=\"elementor-container elementor-column-gap-default\">\n\t\t\t\t\t\t\t<div class=\"elementor-row\">\n\t\t\t\t\t<div class=\"elementor-column elementor-col-50 elementor-top-column elementor-element elementor-element-02b58ee\" data-id=\"02b58ee\" data-element_type=\"column\">\n\t\t\t<div class=\"elementor-column-wrap elementor-element-populated\">\n\t\t\t\t\t\t\t<div class=\"elementor-widget-wrap\">\n\t\t\t\t\t\t<div class=\"elementor-element elementor-element-8778302 elementor-widget elementor-widget-text-editor\" data-id=\"8778302\" data-element_type=\"widget\" data-widget_type=\"text-editor.default\">\n\t\t\t\t<div class=\"elementor-widget-container\">\n\t\t\t\t\t\t\t\t<div class=\"elementor-text-editor elementor-clearfix\">\n\t\t\t\t<div class=\"gdlr-core-pbf-element\"><div class=\"gdlr-core-column-service-item gdlr-core-item-pdb gdlr-core-left-align gdlr-core-column-service-icon-left gdlr-core-no-caption gdlr-core-item-pdlr\"><div class=\"gdlr-core-column-service-content-wrapper\"><div class=\"gdlr-core-column-service-content\"><p>SN Gr\u00e1fica (Sociedade do Not\u00edcias Gr\u00e1fica) uma empresa que se dedica \u00e0 presta\u00e7\u00e3o de servi\u00e7os Gr\u00e1ficos com capacidade mista de produ\u00e7\u00e3o nomeadamente: impress\u00e3o de todo o tipo de jornais, trabalhos tipogr\u00e1ficos e de serigrafia, cuja unidade de produ\u00e7\u00e3o gr\u00e1fica encontra-se localizada na cidade da Matola e com capacidade de resposta em todo o pa\u00eds.<\/p><\/div><\/div><\/div><\/div><div class=\"gdlr-core-pbf-element\"><div class=\"gdlr-core-column-service-item gdlr-core-item-pdb gdlr-core-left-align gdlr-core-column-service-icon-left gdlr-core-no-caption gdlr-core-item-pdlr\"><div class=\"gdlr-core-column-service-content-wrapper\"><div class=\"gdlr-core-column-service-title-wrap\"><h3 class=\"gdlr-core-column-service-title gdlr-core-skin-title\">Objectivo<\/h3><\/div><div class=\"gdlr-core-column-service-content\"><p>Queremos ser a resposta para satisfazer as necessidades dos nossos clientes em trabalhos tipogr\u00e1ficos e de serigrafia no pa\u00eds.<\/p><\/div><\/div><\/div><\/div>\t\t\t\t\t<\/div>\n\t\t\t\t\t\t<\/div>\n\t\t\t\t<\/div>\n\t\t\t\t\t\t<\/div>\n\t\t\t\t\t<\/div>\n\t\t<\/div>\n\t\t\t\t<div class=\"elementor-column elementor-col-50 elementor-top-column elementor-element elementor-element-d98a35f\" data-id=\"d98a35f\" data-element_type=\"column\">\n\t\t\t<div class=\"elementor-column-wrap elementor-element-populated\">\n\t\t\t\t\t\t\t<div class=\"elementor-widget-wrap\">\n\t\t\t\t\t\t<div class=\"elementor-element elementor-element-1677cc0 elementor-widget elementor-widget-image\" data-id=\"1677cc0\" data-element_type=\"widget\" data-widget_type=\"image.default\">\n\t\t\t\t<div class=\"elementor-widget-container\">\n\t\t\t\t\t\t\t\t<div class=\"elementor-image\">\n\t\t\t\t\t\t\t\t\t\t\t\t<img loading=\"lazy\" decoding=\"async\" width=\"600\" height=\"397\" src=\"https:\/\/www.snoticias.co.mz\/wp-content\/uploads\/2024\/08\/admin-ajax.png\" class=\"attachment-large size-large\" alt=\"\" \/>\t\t\t\t\t\t\t\t\t\t\t\t\t\t<\/div>\n\t\t\t\t\t\t<\/div>\n\t\t\t\t<\/div>\n\t\t\t\t\t\t<\/div>\n\t\t\t\t\t<\/div>\n\t\t<\/div>\n\t\t\t\t\t\t\t\t<\/div>\n\t\t\t\t\t<\/div>\n\t\t<\/section>\n\t\t\t\t<section class=\"elementor-section elementor-top-section elementor-element elementor-element-64c33e1 elementor-section-boxed elementor-section-height-default elementor-section-height-default\" data-id=\"64c33e1\" data-element_type=\"section\">\n\t\t\t\t\t\t<div class=\"elementor-container elementor-column-gap-default\">\n\t\t\t\t\t\t\t<div class=\"elementor-row\">\n\t\t\t\t\t<div class=\"elementor-column elementor-col-100 elementor-top-column elementor-element elementor-element-277449a\" data-id=\"277449a\" data-element_type=\"column\">\n\t\t\t<div class=\"elementor-column-wrap elementor-element-populated\">\n\t\t\t\t\t\t\t<div class=\"elementor-widget-wrap\">\n\t\t\t\t\t\t<div class=\"elementor-element elementor-element-c2e3112 elementor-widget elementor-widget-heading\" data-id=\"c2e3112\" data-element_type=\"widget\" data-widget_type=\"heading.default\">\n\t\t\t\t<div class=\"elementor-widget-container\">\n\t\t\t<h2 class=\"elementor-heading-title elementor-size-default\">O que produzimos?<\/h2>\t\t<\/div>\n\t\t\t\t<\/div>\n\t\t\t\t\t\t<\/div>\n\t\t\t\t\t<\/div>\n\t\t<\/div>\n\t\t\t\t\t\t\t\t<\/div>\n\t\t\t\t\t<\/div>\n\t\t<\/section>\n\t\t\t\t<section class=\"elementor-section elementor-top-section elementor-element elementor-element-f57bb1b elementor-section-boxed elementor-section-height-default elementor-section-height-default\" data-id=\"f57bb1b\" data-element_type=\"section\" data-settings=\"{&quot;background_background&quot;:&quot;classic&quot;}\">\n\t\t\t\t\t\t<div class=\"elementor-container elementor-column-gap-default\">\n\t\t\t\t\t\t\t<div class=\"elementor-row\">\n\t\t\t\t\t<div class=\"elementor-column elementor-col-50 elementor-top-column elementor-element elementor-element-036a956\" data-id=\"036a956\" data-element_type=\"column\">\n\t\t\t<div class=\"elementor-column-wrap elementor-element-populated\">\n\t\t\t\t\t\t\t<div class=\"elementor-widget-wrap\">\n\t\t\t\t\t\t<div class=\"elementor-element elementor-element-f49b4fc elementor-widget elementor-widget-image\" data-id=\"f49b4fc\" data-element_type=\"widget\" data-widget_type=\"image.default\">\n\t\t\t\t<div class=\"elementor-widget-container\">\n\t\t\t\t\t\t\t\t<div class=\"elementor-image\">\n\t\t\t\t\t\t\t\t\t\t\t\t<img loading=\"lazy\" decoding=\"async\" width=\"600\" height=\"397\" src=\"https:\/\/www.snoticias.co.mz\/wp-content\/uploads\/2024\/08\/admin-ajax-1.png\" class=\"attachment-large size-large\" alt=\"\" \/>\t\t\t\t\t\t\t\t\t\t\t\t\t\t<\/div>\n\t\t\t\t\t\t<\/div>\n\t\t\t\t<\/div>\n\t\t\t\t\t\t<\/div>\n\t\t\t\t\t<\/div>\n\t\t<\/div>\n\t\t\t\t<div class=\"elementor-column elementor-col-50 elementor-top-column elementor-element elementor-element-8db6ebb\" data-id=\"8db6ebb\" data-element_type=\"column\">\n\t\t\t<div class=\"elementor-column-wrap elementor-element-populated\">\n\t\t\t\t\t\t\t<div class=\"elementor-widget-wrap\">\n\t\t\t\t\t\t<div class=\"elementor-element elementor-element-4665876 elementor-widget elementor-widget-text-editor\" data-id=\"4665876\" data-element_type=\"widget\" data-widget_type=\"text-editor.default\">\n\t\t\t\t<div class=\"elementor-widget-container\">\n\t\t\t\t\t\t\t\t<div class=\"elementor-text-editor elementor-clearfix\">\n\t\t\t\t<div class=\"gdlr-core-pbf-element\"><div class=\"gdlr-core-column-service-item gdlr-core-item-pdb gdlr-core-left-align gdlr-core-column-service-icon-left gdlr-core-no-caption gdlr-core-item-pdlr\"><div class=\"gdlr-core-column-service-content-wrapper\"><div class=\"gdlr-core-column-service-content\"><div class=\"gdlr-core-pbf-column gdlr-core-column-30\"><div class=\"gdlr-core-pbf-column-content-margin gdlr-core-js \"><div class=\"gdlr-core-pbf-column-content clearfix gdlr-core-js \"><div class=\"gdlr-core-pbf-element\"><div class=\"gdlr-core-text-box-item gdlr-core-item-pdlr gdlr-core-item-pdb gdlr-core-left-align gdlr-core-no-p-space\"><div class=\"gdlr-core-text-box-item-content\"><p>Produzimos para todo o territ\u00f3rio nacional todo o tipo de material gr\u00e1fico\/tipogr\u00e1fico ta\u00eds como:<strong> agendas, calend\u00e1rios, relat\u00f3rios contas, cart\u00f5es de visita, revistas, backdrop, roll up, flag banner, r\u00f3tulos, sacolas personalizadas, papel timbrado.<\/strong><br \/>Caixas para diversos tipos de necessidades, como: <strong>medicamentos, entre outros.<\/strong><\/p><\/div><\/div><\/div><\/div><\/div><\/div><\/div><\/div><\/div><\/div><div class=\"gdlr-core-pbf-element\"><div class=\"gdlr-core-column-service-item gdlr-core-item-pdb gdlr-core-left-align gdlr-core-column-service-icon-left gdlr-core-no-caption gdlr-core-item-pdlr\"><div class=\"gdlr-core-column-service-content-wrapper\"><div class=\"gdlr-core-column-service-content\">\u00a0<\/div><\/div><\/div><\/div>\t\t\t\t\t<\/div>\n\t\t\t\t\t\t<\/div>\n\t\t\t\t<\/div>\n\t\t\t\t\t\t<\/div>\n\t\t\t\t\t<\/div>\n\t\t<\/div>\n\t\t\t\t\t\t\t\t<\/div>\n\t\t\t\t\t<\/div>\n\t\t<\/section>\n\t\t\t\t<section class=\"elementor-section elementor-top-section elementor-element elementor-element-1fa3dd8 elementor-section-boxed elementor-section-height-default elementor-section-height-default\" data-id=\"1fa3dd8\" data-element_type=\"section\">\n\t\t\t\t\t\t<div class=\"elementor-container elementor-column-gap-default\">\n\t\t\t\t\t\t\t<div class=\"elementor-row\">\n\t\t\t\t\t<div class=\"elementor-column elementor-col-100 elementor-top-column elementor-element elementor-element-7b0c81a\" data-id=\"7b0c81a\" data-element_type=\"column\">\n\t\t\t<div class=\"elementor-column-wrap elementor-element-populated\">\n\t\t\t\t\t\t\t<div class=\"elementor-widget-wrap\">\n\t\t\t\t\t\t<div class=\"elementor-element elementor-element-1ea7b48 elementor-widget elementor-widget-heading\" data-id=\"1ea7b48\" data-element_type=\"widget\" data-widget_type=\"heading.default\">\n\t\t\t\t<div class=\"elementor-widget-container\">\n\t\t\t<h2 class=\"elementor-heading-title elementor-size-default\">O que imprimimos?<\/h2>\t\t<\/div>\n\t\t\t\t<\/div>\n\t\t\t\t\t\t<\/div>\n\t\t\t\t\t<\/div>\n\t\t<\/div>\n\t\t\t\t\t\t\t\t<\/div>\n\t\t\t\t\t<\/div>\n\t\t<\/section>\n\t\t\t\t<section class=\"elementor-section elementor-top-section elementor-element elementor-element-f243c2e elementor-section-boxed elementor-section-height-default elementor-section-height-default\" data-id=\"f243c2e\" data-element_type=\"section\" data-settings=\"{&quot;background_background&quot;:&quot;classic&quot;}\">\n\t\t\t\t\t\t<div class=\"elementor-container elementor-column-gap-default\">\n\t\t\t\t\t\t\t<div class=\"elementor-row\">\n\t\t\t\t\t<div class=\"elementor-column elementor-col-50 elementor-top-column elementor-element elementor-element-c9aad34\" data-id=\"c9aad34\" data-element_type=\"column\">\n\t\t\t<div class=\"elementor-column-wrap elementor-element-populated\">\n\t\t\t\t\t\t\t<div class=\"elementor-widget-wrap\">\n\t\t\t\t\t\t<div class=\"elementor-element elementor-element-84c4e17 elementor-widget elementor-widget-text-editor\" data-id=\"84c4e17\" data-element_type=\"widget\" data-widget_type=\"text-editor.default\">\n\t\t\t\t<div class=\"elementor-widget-container\">\n\t\t\t\t\t\t\t\t<div class=\"elementor-text-editor elementor-clearfix\">\n\t\t\t\t<p>Somos refer\u00eancia na impress\u00e3o de:<strong> Todo tipo de jornais, cartazes (todos tamanhos), livros (todos os tamanhos e os respectivos separadores), livros escolares. Fazemos, cortes e aplica\u00e7\u00f5es em vinil nas: Viaturas, sinal\u00e9ticas, elevadores.<\/strong><\/p>\t\t\t\t\t<\/div>\n\t\t\t\t\t\t<\/div>\n\t\t\t\t<\/div>\n\t\t\t\t\t\t<\/div>\n\t\t\t\t\t<\/div>\n\t\t<\/div>\n\t\t\t\t<div class=\"elementor-column elementor-col-50 elementor-top-column elementor-element elementor-element-279d66e\" data-id=\"279d66e\" data-element_type=\"column\">\n\t\t\t<div class=\"elementor-column-wrap elementor-element-populated\">\n\t\t\t\t\t\t\t<div class=\"elementor-widget-wrap\">\n\t\t\t\t\t\t<div class=\"elementor-element elementor-element-455f72b elementor-widget elementor-widget-image\" data-id=\"455f72b\" data-element_type=\"widget\" data-widget_type=\"image.default\">\n\t\t\t\t<div class=\"elementor-widget-container\">\n\t\t\t\t\t\t\t\t<div class=\"elementor-image\">\n\t\t\t\t\t\t\t\t\t\t\t\t<img loading=\"lazy\" decoding=\"async\" width=\"600\" height=\"397\" src=\"https:\/\/www.snoticias.co.mz\/wp-content\/uploads\/2024\/08\/admin-ajax-2.png\" class=\"attachment-large size-large\" alt=\"\" \/>\t\t\t\t\t\t\t\t\t\t\t\t\t\t<\/div>\n\t\t\t\t\t\t<\/div>\n\t\t\t\t<\/div>\n\t\t\t\t\t\t<\/div>\n\t\t\t\t\t<\/div>\n\t\t<\/div>\n\t\t\t\t\t\t\t\t<\/div>\n\t\t\t\t\t<\/div>\n\t\t<\/section>\n\t\t\t\t<section class=\"elementor-section elementor-top-section elementor-element elementor-element-e32d8a9 elementor-section-boxed elementor-section-height-default elementor-section-height-default\" data-id=\"e32d8a9\" data-element_type=\"section\">\n\t\t\t\t\t\t<div class=\"elementor-container elementor-column-gap-default\">\n\t\t\t\t\t\t\t<div class=\"elementor-row\">\n\t\t\t\t\t<div class=\"elementor-column elementor-col-100 elementor-top-column elementor-element elementor-element-3995b7d\" data-id=\"3995b7d\" data-element_type=\"column\">\n\t\t\t<div class=\"elementor-column-wrap elementor-element-populated\">\n\t\t\t\t\t\t\t<div class=\"elementor-widget-wrap\">\n\t\t\t\t\t\t<div class=\"elementor-element elementor-element-c8d6dfb elementor-widget elementor-widget-image-gallery\" data-id=\"c8d6dfb\" data-element_type=\"widget\" data-widget_type=\"image-gallery.default\">\n\t\t\t\t<div class=\"elementor-widget-container\">\n\t\t\t\t\t<div class=\"elementor-image-gallery\">\n\t\t\t<div id='gallery-1' class='gallery galleryid-66 gallery-columns-3 gallery-size-post-thumbnail'><figure class='gallery-item'>\n\t\t\t<div class='gallery-icon landscape'>\n\t\t\t\t<a data-elementor-open-lightbox=\"yes\" data-elementor-lightbox-slideshow=\"c8d6dfb\" data-elementor-lightbox-title=\"02\" href='https:\/\/www.snoticias.co.mz\/wp-content\/uploads\/2024\/08\/02.jpg'><img loading=\"lazy\" decoding=\"async\" width=\"750\" height=\"465\" src=\"https:\/\/www.snoticias.co.mz\/wp-content\/uploads\/2024\/08\/02.jpg\" class=\"attachment-post-thumbnail size-post-thumbnail\" alt=\"\" \/><\/a>\n\t\t\t<\/div><\/figure><figure class='gallery-item'>\n\t\t\t<div class='gallery-icon landscape'>\n\t\t\t\t<a data-elementor-open-lightbox=\"yes\" data-elementor-lightbox-slideshow=\"c8d6dfb\" data-elementor-lightbox-title=\"03\" href='https:\/\/www.snoticias.co.mz\/wp-content\/uploads\/2024\/08\/03.jpg'><img loading=\"lazy\" decoding=\"async\" width=\"750\" height=\"465\" src=\"https:\/\/www.snoticias.co.mz\/wp-content\/uploads\/2024\/08\/03.jpg\" class=\"attachment-post-thumbnail size-post-thumbnail\" alt=\"\" \/><\/a>\n\t\t\t<\/div><\/figure><figure class='gallery-item'>\n\t\t\t<div class='gallery-icon landscape'>\n\t\t\t\t<a data-elementor-open-lightbox=\"yes\" data-elementor-lightbox-slideshow=\"c8d6dfb\" data-elementor-lightbox-title=\"bg3\" href='https:\/\/www.snoticias.co.mz\/wp-content\/uploads\/2024\/08\/bg3.png'><img loading=\"lazy\" decoding=\"async\" width=\"702\" height=\"465\" src=\"https:\/\/www.snoticias.co.mz\/wp-content\/uploads\/2024\/08\/bg3.png\" class=\"attachment-post-thumbnail size-post-thumbnail\" alt=\"\" \/><\/a>\n\t\t\t<\/div><\/figure><figure class='gallery-item'>\n\t\t\t<div class='gallery-icon landscape'>\n\t\t\t\t<a data-elementor-open-lightbox=\"yes\" data-elementor-lightbox-slideshow=\"c8d6dfb\" data-elementor-lightbox-title=\"Bg4\" href='https:\/\/www.snoticias.co.mz\/wp-content\/uploads\/2024\/08\/Bg4.png'><img loading=\"lazy\" decoding=\"async\" width=\"702\" height=\"465\" src=\"https:\/\/www.snoticias.co.mz\/wp-content\/uploads\/2024\/08\/Bg4.png\" class=\"attachment-post-thumbnail size-post-thumbnail\" alt=\"\" \/><\/a>\n\t\t\t<\/div><\/figure><figure class='gallery-item'>\n\t\t\t<div class='gallery-icon landscape'>\n\t\t\t\t<a data-elementor-open-lightbox=\"yes\" data-elementor-lightbox-slideshow=\"c8d6dfb\" data-elementor-lightbox-title=\"BG5\" href='https:\/\/www.snoticias.co.mz\/wp-content\/uploads\/2024\/08\/BG5.png'><img loading=\"lazy\" decoding=\"async\" width=\"702\" height=\"465\" src=\"https:\/\/www.snoticias.co.mz\/wp-content\/uploads\/2024\/08\/BG5.png\" class=\"attachment-post-thumbnail size-post-thumbnail\" alt=\"\" \/><\/a>\n\t\t\t<\/div><\/figure><figure class='gallery-item'>\n\t\t\t<div class='gallery-icon landscape'>\n\t\t\t\t<a data-elementor-open-lightbox=\"yes\" data-elementor-lightbox-slideshow=\"c8d6dfb\" data-elementor-lightbox-title=\"DSC_0836-scaled\" href='https:\/\/www.snoticias.co.mz\/wp-content\/uploads\/2024\/08\/DSC_0836-scaled-1.jpg'><img loading=\"lazy\" decoding=\"async\" width=\"702\" height=\"465\" src=\"https:\/\/www.snoticias.co.mz\/wp-content\/uploads\/2024\/08\/DSC_0836-scaled-1.jpg\" class=\"attachment-post-thumbnail size-post-thumbnail\" alt=\"\" \/><\/a>\n\t\t\t<\/div><\/figure>\n\t\t<\/div>\n\t\t<\/div>\n\t\t\t\t<\/div>\n\t\t\t\t<\/div>\n\t\t\t\t\t\t<\/div>\n\t\t\t\t\t<\/div>\n\t\t<\/div>\n\t\t\t\t\t\t\t\t<\/div>\n\t\t\t\t\t<\/div>\n\t\t<\/section>\n\t\t\t\t<section class=\"elementor-section elementor-top-section elementor-element elementor-element-1bbf3fa elementor-section-boxed elementor-section-height-default elementor-section-height-default\" data-id=\"1bbf3fa\" data-element_type=\"section\">\n\t\t\t\t\t\t<div class=\"elementor-container elementor-column-gap-default\">\n\t\t\t\t\t\t\t<div class=\"elementor-row\">\n\t\t\t\t\t<div class=\"elementor-column elementor-col-100 elementor-top-column elementor-element elementor-element-23da914\" data-id=\"23da914\" data-element_type=\"column\">\n\t\t\t<div class=\"elementor-column-wrap elementor-element-populated\">\n\t\t\t\t\t\t\t<div class=\"elementor-widget-wrap\">\n\t\t\t\t\t\t<div class=\"elementor-element elementor-element-d9c8017 elementor-widget elementor-widget-heading\" data-id=\"d9c8017\" data-element_type=\"widget\" data-widget_type=\"heading.default\">\n\t\t\t\t<div class=\"elementor-widget-container\">\n\t\t\t<h2 class=\"elementor-heading-title elementor-size-default\">CONTACTOS<\/h2>\t\t<\/div>\n\t\t\t\t<\/div>\n\t\t\t\t\t\t<\/div>\n\t\t\t\t\t<\/div>\n\t\t<\/div>\n\t\t\t\t\t\t\t\t<\/div>\n\t\t\t\t\t<\/div>\n\t\t<\/section>\n\t\t\t\t<section class=\"elementor-section elementor-top-section elementor-element elementor-element-f29e4ae elementor-section-boxed elementor-section-height-default elementor-section-height-default\" data-id=\"f29e4ae\" data-element_type=\"section\" data-settings=\"{&quot;background_background&quot;:&quot;classic&quot;}\">\n\t\t\t\t\t\t<div class=\"elementor-container elementor-column-gap-default\">\n\t\t\t\t\t\t\t<div class=\"elementor-row\">\n\t\t\t\t\t<div class=\"elementor-column elementor-col-100 elementor-top-column elementor-element elementor-element-a1d614c\" data-id=\"a1d614c\" data-element_type=\"column\">\n\t\t\t<div class=\"elementor-column-wrap elementor-element-populated\">\n\t\t\t\t\t\t\t<div class=\"elementor-widget-wrap\">\n\t\t\t\t\t\t<div class=\"elementor-element elementor-element-083363b elementor-widget elementor-widget-text-editor\" data-id=\"083363b\" data-element_type=\"widget\" data-widget_type=\"text-editor.default\">\n\t\t\t\t<div class=\"elementor-widget-container\">\n\t\t\t\t\t\t\t\t<div class=\"elementor-text-editor elementor-clearfix\">\n\t\t\t\t<p>Rua de Sofala No. 437 \u00a0MATOLA \u2018\u2019F\u2019\u2019<\/p><p>Tel: 84 910 4309<\/p><p>email: COMERCIAL.GRAFICA@SNOTICIAS.CO.MZ<\/p>\t\t\t\t\t<\/div>\n\t\t\t\t\t\t<\/div>\n\t\t\t\t<\/div>\n\t\t\t\t\t\t<\/div>\n\t\t\t\t\t<\/div>\n\t\t<\/div>\n\t\t\t\t\t\t\t\t<\/div>\n\t\t\t\t\t<\/div>\n\t\t<\/section>\n\t\t\t\t\t\t<\/div>\n\t\t\t\t\t\t<\/div>\n\t\t\t\t\t<\/div>\n\t\t","protected":false},"excerpt":{"rendered":"<p>https:\/\/www.snoticias.co.mz\/wp-content\/uploads\/2024\/08\/sn.mp4 Gr\u00e1fica SN Gr\u00e1fica (Sociedade do Not\u00edcias Gr\u00e1fica) uma empresa que se dedica \u00e0 presta\u00e7\u00e3o de servi\u00e7os Gr\u00e1ficos com capacidade mista de produ\u00e7\u00e3o nomeadamente: impress\u00e3o de todo o tipo de jornais, trabalhos tipogr\u00e1ficos e de serigrafia, cuja unidade de produ\u00e7\u00e3o gr\u00e1fica encontra-se localizada na cidade da Matola e com capacidade de resposta em todo o [&hellip;]<\/p>\n","protected":false},"author":1,"featured_media":0,"parent":0,"menu_order":0,"comment_status":"closed","ping_status":"closed","template":"template\/full-width-template.php","meta":{"footnotes":""},"class_list":["post-66","page","type-page","status-publish","hentry"],"_links":{"self":[{"href":"https:\/\/www.snoticias.co.mz\/index.php?rest_route=\/wp\/v2\/pages\/66"}],"collection":[{"href":"https:\/\/www.snoticias.co.mz\/index.php?rest_route=\/wp\/v2\/pages"}],"about":[{"href":"https:\/\/www.snoticias.co.mz\/index.php?rest_route=\/wp\/v2\/types\/page"}],"author":[{"embeddable":true,"href":"https:\/\/www.snoticias.co.mz\/index.php?rest_route=\/wp\/v2\/users\/1"}],"replies":[{"embeddable":true,"href":"https:\/\/www.snoticias.co.mz\/index.php?rest_route=%2Fwp%2Fv2%2Fcomments&post=66"}],"version-history":[{"count":83,"href":"https:\/\/www.snoticias.co.mz\/index.php?rest_route=\/wp\/v2\/pages\/66\/revisions"}],"predecessor-version":[{"id":3460,"href":"https:\/\/www.snoticias.co.mz\/index.php?rest_route=\/wp\/v2\/pages\/66\/revisions\/3460"}],"wp:attachment":[{"href":"https:\/\/www.snoticias.co.mz\/index.php?rest_route=%2Fwp%2Fv2%2Fmedia&parent=66"}],"curies":[{"name":"wp","href":"https:\/\/api.w.org\/{rel}","templated":true}]}}