{"id":50,"date":"2019-01-11T06:15:28","date_gmt":"2019-01-11T06:15:28","guid":{"rendered":"http:\/\/localhost\/panel\/xpeedstudio\/wp\/automobil\/?page_id=50"},"modified":"2025-08-14T13:11:33","modified_gmt":"2025-08-14T13:11:33","slug":"faq","status":"publish","type":"page","link":"https:\/\/www.snoticias.co.mz\/?page_id=50","title":{"rendered":"Jornal Desafio"},"content":{"rendered":"\t\t<div data-elementor-type=\"wp-post\" data-elementor-id=\"50\" class=\"elementor elementor-50\" data-elementor-settings=\"[]\">\n\t\t\t\t\t\t<div class=\"elementor-inner\">\n\t\t\t\t\t\t\t<div class=\"elementor-section-wrap\">\n\t\t\t\t\t\t\t<section class=\"elementor-section elementor-top-section elementor-element elementor-element-df755ec elementor-section-boxed elementor-section-height-default elementor-section-height-default\" data-id=\"df755ec\" data-element_type=\"section\">\n\t\t\t\t\t\t<div class=\"elementor-container elementor-column-gap-default\">\n\t\t\t\t\t\t\t<div class=\"elementor-row\">\n\t\t\t\t\t<div class=\"elementor-column elementor-col-100 elementor-top-column elementor-element elementor-element-e77eb6a\" data-id=\"e77eb6a\" data-element_type=\"column\">\n\t\t\t<div class=\"elementor-column-wrap elementor-element-populated\">\n\t\t\t\t\t\t\t<div class=\"elementor-widget-wrap\">\n\t\t\t\t\t\t<div class=\"elementor-element elementor-element-7e5becb elementor-widget elementor-widget-image\" data-id=\"7e5becb\" data-element_type=\"widget\" data-widget_type=\"image.default\">\n\t\t\t\t<div class=\"elementor-widget-container\">\n\t\t\t\t\t\t\t\t<div class=\"elementor-image\">\n\t\t\t\t\t\t\t\t\t\t\t\t\t<a href=\"https:\/\/www.jornaldesafio.co.mz\/\" target=\"_blank\">\n\t\t\t\t\t\t\t<img loading=\"lazy\" decoding=\"async\" width=\"350\" height=\"220\" src=\"https:\/\/www.snoticias.co.mz\/wp-content\/uploads\/2019\/01\/Desafio.jpg\" class=\"attachment-large size-large\" alt=\"\" srcset=\"https:\/\/www.snoticias.co.mz\/wp-content\/uploads\/2019\/01\/Desafio.jpg 350w, https:\/\/www.snoticias.co.mz\/wp-content\/uploads\/2019\/01\/Desafio-300x189.jpg 300w\" sizes=\"(max-width: 350px) 100vw, 350px\" \/>\t\t\t\t\t\t\t\t<\/a>\n\t\t\t\t\t\t\t\t\t\t\t\t\t\t<\/div>\n\t\t\t\t\t\t<\/div>\n\t\t\t\t<\/div>\n\t\t\t\t\t\t<\/div>\n\t\t\t\t\t<\/div>\n\t\t<\/div>\n\t\t\t\t\t\t\t\t<\/div>\n\t\t\t\t\t<\/div>\n\t\t<\/section>\n\t\t\t\t<section class=\"elementor-section elementor-top-section elementor-element elementor-element-6ead015 elementor-section-boxed elementor-section-height-default elementor-section-height-default\" data-id=\"6ead015\" data-element_type=\"section\">\n\t\t\t\t\t\t<div class=\"elementor-container elementor-column-gap-default\">\n\t\t\t\t\t\t\t<div class=\"elementor-row\">\n\t\t\t\t\t<div class=\"elementor-column elementor-col-100 elementor-top-column elementor-element elementor-element-4bc8f6c\" data-id=\"4bc8f6c\" data-element_type=\"column\">\n\t\t\t<div class=\"elementor-column-wrap elementor-element-populated\">\n\t\t\t\t\t\t\t<div class=\"elementor-widget-wrap\">\n\t\t\t\t\t\t<div class=\"elementor-element elementor-element-5702e6a elementor-widget elementor-widget-heading\" data-id=\"5702e6a\" data-element_type=\"widget\" data-widget_type=\"heading.default\">\n\t\t\t\t<div class=\"elementor-widget-container\">\n\t\t\t<h2 class=\"elementor-heading-title elementor-size-default\"><a href=\"https:\/\/www.jornaldesafio.co.mz\/\" target=\"_blank\">Jornal Desafio<\/a><\/h2>\t\t<\/div>\n\t\t\t\t<\/div>\n\t\t\t\t\t\t<\/div>\n\t\t\t\t\t<\/div>\n\t\t<\/div>\n\t\t\t\t\t\t\t\t<\/div>\n\t\t\t\t\t<\/div>\n\t\t<\/section>\n\t\t\t\t<section class=\"elementor-section elementor-top-section elementor-element elementor-element-4cec7b3 elementor-section-boxed elementor-section-height-default elementor-section-height-default\" data-id=\"4cec7b3\" data-element_type=\"section\" data-settings=\"{&quot;background_background&quot;:&quot;classic&quot;}\">\n\t\t\t\t\t\t<div class=\"elementor-container elementor-column-gap-default\">\n\t\t\t\t\t\t\t<div class=\"elementor-row\">\n\t\t\t\t\t<div class=\"elementor-column elementor-col-100 elementor-top-column elementor-element elementor-element-361ae15\" data-id=\"361ae15\" data-element_type=\"column\">\n\t\t\t<div class=\"elementor-column-wrap elementor-element-populated\">\n\t\t\t\t\t\t\t<div class=\"elementor-widget-wrap\">\n\t\t\t\t\t\t<div class=\"elementor-element elementor-element-578027e elementor-widget elementor-widget-text-editor\" data-id=\"578027e\" data-element_type=\"widget\" data-widget_type=\"text-editor.default\">\n\t\t\t\t<div class=\"elementor-widget-container\">\n\t\t\t\t\t\t\t\t<div class=\"elementor-text-editor elementor-clearfix\">\n\t\t\t\t<p>O SEMAN\u00c1RIO desportivo <strong><em>desafio<\/em><\/strong>, uma das tr\u00eas publica\u00e7\u00f5es da Sociedade do Not\u00edcias, SA, celebra hoje 35 anos de exist\u00eancia.<\/p><p>Com a primeira edi\u00e7\u00e3o publicada na quarta-feira do dia 24 de Junho de 1987, o<strong><em>\u00a0desafio<\/em><\/strong>\u00a0foi o primeiro jornal especializado em informa\u00e7\u00e3o desportiva\u00a0em Mo\u00e7ambique.<\/p><p>Ao longo dos 35 anos de exist\u00eancia, a publica\u00e7\u00e3o tornou-se refer\u00eancia na provis\u00e3o de informa\u00e7\u00e3o sobre a actividade desportiva nacional\u00a0e internacional.<\/p><p>O jornal acompanhou o desenvolvimento do desporto nacional nas \u00faltimas tr\u00eas d\u00e9cadas e meia, per\u00edodo durante o qual reportou desde a abertura para a emigra\u00e7\u00e3o de atletas, o surgimento de Lurdes Mutola\u00a0e as suas fa\u00e7anhas no atletismo nacional e internacional,\u00a0e ainda\u00a0escrutinou,\u00a0de forma profissional, o desempenho dos gestores desportivos\u00a0do pa\u00eds.<\/p>\t\t\t\t\t<\/div>\n\t\t\t\t\t\t<\/div>\n\t\t\t\t<\/div>\n\t\t\t\t\t\t<\/div>\n\t\t\t\t\t<\/div>\n\t\t<\/div>\n\t\t\t\t\t\t\t\t<\/div>\n\t\t\t\t\t<\/div>\n\t\t<\/section>\n\t\t\t\t<section class=\"elementor-section elementor-top-section elementor-element elementor-element-b076f07 elementor-section-boxed elementor-section-height-default elementor-section-height-default\" data-id=\"b076f07\" data-element_type=\"section\">\n\t\t\t\t\t\t<div class=\"elementor-container elementor-column-gap-default\">\n\t\t\t\t\t\t\t<div class=\"elementor-row\">\n\t\t\t\t\t<div class=\"elementor-column elementor-col-100 elementor-top-column elementor-element elementor-element-3a78fe9\" data-id=\"3a78fe9\" data-element_type=\"column\">\n\t\t\t<div class=\"elementor-column-wrap elementor-element-populated\">\n\t\t\t\t\t\t\t<div class=\"elementor-widget-wrap\">\n\t\t\t\t\t\t<div class=\"elementor-element elementor-element-d1e5ccf elementor-widget elementor-widget-heading\" data-id=\"d1e5ccf\" data-element_type=\"widget\" data-widget_type=\"heading.default\">\n\t\t\t\t<div class=\"elementor-widget-container\">\n\t\t\t<h4 class=\"elementor-heading-title elementor-size-default\">Ficha T\u00e9cnica<\/h4>\t\t<\/div>\n\t\t\t\t<\/div>\n\t\t\t\t\t\t<\/div>\n\t\t\t\t\t<\/div>\n\t\t<\/div>\n\t\t\t\t\t\t\t\t<\/div>\n\t\t\t\t\t<\/div>\n\t\t<\/section>\n\t\t\t\t<section class=\"elementor-section elementor-top-section elementor-element elementor-element-ae97f19 elementor-section-boxed elementor-section-height-default elementor-section-height-default\" data-id=\"ae97f19\" data-element_type=\"section\">\n\t\t\t\t\t\t<div class=\"elementor-container elementor-column-gap-default\">\n\t\t\t\t\t\t\t<div class=\"elementor-row\">\n\t\t\t\t\t<div class=\"elementor-column elementor-col-33 elementor-top-column elementor-element elementor-element-f79e1f6\" data-id=\"f79e1f6\" data-element_type=\"column\">\n\t\t\t<div class=\"elementor-column-wrap elementor-element-populated\">\n\t\t\t\t\t\t\t<div class=\"elementor-widget-wrap\">\n\t\t\t\t\t\t<div class=\"elementor-element elementor-element-9137370 elementor-widget elementor-widget-text-editor\" data-id=\"9137370\" data-element_type=\"widget\" data-widget_type=\"text-editor.default\">\n\t\t\t\t<div class=\"elementor-widget-container\">\n\t\t\t\t\t\t\t\t<div class=\"elementor-text-editor elementor-clearfix\">\n\t\t\t\t<ul><li><strong>Editor Executivo: <\/strong>Atan\u00e1sio Zandamela<\/li><\/ul>\t\t\t\t\t<\/div>\n\t\t\t\t\t\t<\/div>\n\t\t\t\t<\/div>\n\t\t\t\t\t\t<\/div>\n\t\t\t\t\t<\/div>\n\t\t<\/div>\n\t\t\t\t<div class=\"elementor-column elementor-col-33 elementor-top-column elementor-element elementor-element-c107777\" data-id=\"c107777\" data-element_type=\"column\">\n\t\t\t<div class=\"elementor-column-wrap elementor-element-populated\">\n\t\t\t\t\t\t\t<div class=\"elementor-widget-wrap\">\n\t\t\t\t\t\t<div class=\"elementor-element elementor-element-acf0a78 elementor-widget elementor-widget-text-editor\" data-id=\"acf0a78\" data-element_type=\"widget\" data-widget_type=\"text-editor.default\">\n\t\t\t\t<div class=\"elementor-widget-container\">\n\t\t\t\t\t\t\t\t<div class=\"elementor-text-editor elementor-clearfix\">\n\t\t\t\t<ul><li><strong>Redac\u00e7\u00e3o<\/strong>:<ul><li>Reginaldo Cumbana,,<\/li><li>Narciso Nhacila,<\/li><li>Salvador Nhantumbo,<\/li><li>Ivo Tavares,<\/li><li>Raimundo Zandamela,<\/li><li>S\u00e9rgio Macu\u00e1cua,<\/li><li>Joca Est\u00eav\u00e3o<\/li><li>e Alberto Tsenane<\/li><\/ul><\/li><\/ul>\t\t\t\t\t<\/div>\n\t\t\t\t\t\t<\/div>\n\t\t\t\t<\/div>\n\t\t\t\t\t\t<\/div>\n\t\t\t\t\t<\/div>\n\t\t<\/div>\n\t\t\t\t<div class=\"elementor-column elementor-col-33 elementor-top-column elementor-element elementor-element-aa0ff73\" data-id=\"aa0ff73\" data-element_type=\"column\">\n\t\t\t<div class=\"elementor-column-wrap elementor-element-populated\">\n\t\t\t\t\t\t\t<div class=\"elementor-widget-wrap\">\n\t\t\t\t\t\t<div class=\"elementor-element elementor-element-087e5ae elementor-widget elementor-widget-text-editor\" data-id=\"087e5ae\" data-element_type=\"widget\" data-widget_type=\"text-editor.default\">\n\t\t\t\t<div class=\"elementor-widget-container\">\n\t\t\t\t\t\t\t\t<div class=\"elementor-text-editor elementor-clearfix\">\n\t\t\t\t<ul><li><strong>Pagina\u00e7\u00e3o &amp; Design Gr\u00e1fico<\/strong>: Alberto Zuane<br \/>Ivan Mahumane<\/li><li><strong>Revis\u00e3o Lingu\u00edsta:\u00a0<\/strong>Hermenegildo Mulau<\/li><li><strong>Jornal Online<\/strong>: Redac\u00e7\u00e3o Online<\/li><\/ul>\t\t\t\t\t<\/div>\n\t\t\t\t\t\t<\/div>\n\t\t\t\t<\/div>\n\t\t\t\t\t\t<\/div>\n\t\t\t\t\t<\/div>\n\t\t<\/div>\n\t\t\t\t\t\t\t\t<\/div>\n\t\t\t\t\t<\/div>\n\t\t<\/section>\n\t\t\t\t<section class=\"elementor-section elementor-top-section elementor-element elementor-element-81e896c elementor-section-boxed elementor-section-height-default elementor-section-height-default\" data-id=\"81e896c\" data-element_type=\"section\">\n\t\t\t\t\t\t<div class=\"elementor-container elementor-column-gap-default\">\n\t\t\t\t\t\t\t<div class=\"elementor-row\">\n\t\t\t\t\t<div class=\"elementor-column elementor-col-100 elementor-top-column elementor-element elementor-element-9bb092b\" data-id=\"9bb092b\" data-element_type=\"column\">\n\t\t\t<div class=\"elementor-column-wrap elementor-element-populated\">\n\t\t\t\t\t\t\t<div class=\"elementor-widget-wrap\">\n\t\t\t\t\t\t<div class=\"elementor-element elementor-element-6b6e00e elementor-widget elementor-widget-autrics-process\" data-id=\"6b6e00e\" data-element_type=\"widget\" data-widget_type=\"autrics-process.default\">\n\t\t\t\t<div class=\"elementor-widget-container\">\n\t\t\t      \t\n         \n        <div class=\"row working-box-wrapper\">\n            <div class=\"col-md-4\">\n               <div class=\"working-single-box child_1\">\n\t\t\t\t   <span class=\"working-left-shape\"><\/span>\n                  <div class=\"working-content-wrapper\">\n                     <span class=\"workig-icon\">\n                        <i class=\"icon icon-home\"><\/i>\n                     <\/span>\n                     <div class=\"working-content\">\n                                                <h3>Rua Joe Slovo<\/h3>\n                        <p>55 \u2022 C.Postal 327<\/p>\n                     <\/div> <!-- Working Content -->\n\t\t\t\t  <\/div> <!-- Working wrapper -->\n\t\t\t\t  <span class=\"working-right-shape\"><\/span>\n               <\/div> <!-- Working single box -->\n            <\/div><!-- Col End -->\n            <div class=\"col-md-4\">\n               <div class=\"working-single-box child_2 bg-red\">\n               <span class=\"working-left-shape\"><\/span>\n                  <div class=\"working-content-wrapper\">\n\t\t\t\t         <span class=\"workig-icon\">\n                        <i class=\"icon icon-phone-handset\"><\/i>\n                     <\/span>\n                     <div class=\"working-content\">\n                                             <h3>+258 843 400 623<\/h3>\n                        <p>Liga-nos<\/p>\n                     <\/div> <!-- Working Content -->\n                  <\/div> <!-- Working wrapper -->\n                  <span class=\"working-right-shape\"><\/span>\n               <\/div> <!-- Working single box -->\n            <\/div><!-- Col End -->\n            <div class=\"col-md-4\">\n               <div class=\"working-single-box child_3 bg-red-light\">\n                  <div class=\"working-content-wrapper\">\n\t\t\t\t  <span class=\"workig-icon\">\n                        <i class=\"fa fa-send\"><\/i>\n                     <\/span>\n                     <div class=\"working-content\">\n                                             <h3>atendimento@snoticias.co.mz<\/h3>\n                        <p>Como podemos ajudar?<\/p>\n                     <\/div> <!-- Working Content -->\n                  <\/div> <!-- Working wrapper -->\n                  <span class=\"working-right-shape\"><\/span>\n               <\/div> <!-- Working single box -->\n            <\/div><!-- Col End -->\n        <\/div> <!-- Row End -->\n\t\t\t          \n     \t\t<\/div>\n\t\t\t\t<\/div>\n\t\t\t\t\t\t<\/div>\n\t\t\t\t\t<\/div>\n\t\t<\/div>\n\t\t\t\t\t\t\t\t<\/div>\n\t\t\t\t\t<\/div>\n\t\t<\/section>\n\t\t\t\t\t\t<\/div>\n\t\t\t\t\t\t<\/div>\n\t\t\t\t\t<\/div>\n\t\t","protected":false},"excerpt":{"rendered":"<p>Jornal Desafio O SEMAN\u00c1RIO desportivo desafio, uma das tr\u00eas publica\u00e7\u00f5es da Sociedade do Not\u00edcias, SA, celebra hoje 35 anos de exist\u00eancia. Com a primeira edi\u00e7\u00e3o publicada na quarta-feira do dia 24 de Junho de 1987, o\u00a0desafio\u00a0foi o primeiro jornal especializado em informa\u00e7\u00e3o desportiva\u00a0em Mo\u00e7ambique. Ao longo dos 35 anos de exist\u00eancia, a publica\u00e7\u00e3o tornou-se refer\u00eancia [&hellip;]<\/p>\n","protected":false},"author":1,"featured_media":0,"parent":0,"menu_order":0,"comment_status":"closed","ping_status":"closed","template":"template\/full-width-template.php","meta":{"footnotes":""},"class_list":["post-50","page","type-page","status-publish","hentry"],"_links":{"self":[{"href":"https:\/\/www.snoticias.co.mz\/index.php?rest_route=\/wp\/v2\/pages\/50"}],"collection":[{"href":"https:\/\/www.snoticias.co.mz\/index.php?rest_route=\/wp\/v2\/pages"}],"about":[{"href":"https:\/\/www.snoticias.co.mz\/index.php?rest_route=\/wp\/v2\/types\/page"}],"author":[{"embeddable":true,"href":"https:\/\/www.snoticias.co.mz\/index.php?rest_route=\/wp\/v2\/users\/1"}],"replies":[{"embeddable":true,"href":"https:\/\/www.snoticias.co.mz\/index.php?rest_route=%2Fwp%2Fv2%2Fcomments&post=50"}],"version-history":[{"count":26,"href":"https:\/\/www.snoticias.co.mz\/index.php?rest_route=\/wp\/v2\/pages\/50\/revisions"}],"predecessor-version":[{"id":3563,"href":"https:\/\/www.snoticias.co.mz\/index.php?rest_route=\/wp\/v2\/pages\/50\/revisions\/3563"}],"wp:attachment":[{"href":"https:\/\/www.snoticias.co.mz\/index.php?rest_route=%2Fwp%2Fv2%2Fmedia&parent=50"}],"curies":[{"name":"wp","href":"https:\/\/api.w.org\/{rel}","templated":true}]}}