{"id":48,"date":"2019-01-11T06:15:17","date_gmt":"2019-01-11T06:15:17","guid":{"rendered":"http:\/\/localhost\/panel\/xpeedstudio\/wp\/automobil\/?page_id=48"},"modified":"2025-08-15T09:19:59","modified_gmt":"2025-08-15T09:19:59","slug":"gallery","status":"publish","type":"page","link":"https:\/\/www.snoticias.co.mz\/?page_id=48","title":{"rendered":"ESTRUTURA ORG\u00c2NICA"},"content":{"rendered":"\t\t<div data-elementor-type=\"wp-post\" data-elementor-id=\"48\" class=\"elementor elementor-48\" data-elementor-settings=\"[]\">\n\t\t\t\t\t\t<div class=\"elementor-inner\">\n\t\t\t\t\t\t\t<div class=\"elementor-section-wrap\">\n\t\t\t\t\t\t\t<section class=\"elementor-section elementor-top-section elementor-element elementor-element-14b3bfd elementor-section-boxed elementor-section-height-default elementor-section-height-default\" data-id=\"14b3bfd\" data-element_type=\"section\">\n\t\t\t\t\t\t<div class=\"elementor-container elementor-column-gap-default\">\n\t\t\t\t\t\t\t<div class=\"elementor-row\">\n\t\t\t\t\t<div class=\"elementor-column elementor-col-100 elementor-top-column elementor-element elementor-element-195a01b\" data-id=\"195a01b\" data-element_type=\"column\">\n\t\t\t<div class=\"elementor-column-wrap elementor-element-populated\">\n\t\t\t\t\t\t\t<div class=\"elementor-widget-wrap\">\n\t\t\t\t\t\t<div class=\"elementor-element elementor-element-225f3f4 elementor-widget elementor-widget-heading\" data-id=\"225f3f4\" data-element_type=\"widget\" data-widget_type=\"heading.default\">\n\t\t\t\t<div class=\"elementor-widget-container\">\n\t\t\t<h2 class=\"elementor-heading-title elementor-size-default\">ESTRUTURA ORG\u00c2NICA DA SOCIEDADE DO NOT\u00cdCIAS<\/h2>\t\t<\/div>\n\t\t\t\t<\/div>\n\t\t\t\t\t\t<\/div>\n\t\t\t\t\t<\/div>\n\t\t<\/div>\n\t\t\t\t\t\t\t\t<\/div>\n\t\t\t\t\t<\/div>\n\t\t<\/section>\n\t\t\t\t<section class=\"elementor-section elementor-top-section elementor-element elementor-element-5e5a9be elementor-section-boxed elementor-section-height-default elementor-section-height-default\" data-id=\"5e5a9be\" data-element_type=\"section\">\n\t\t\t\t\t\t<div class=\"elementor-container elementor-column-gap-default\">\n\t\t\t\t\t\t\t<div class=\"elementor-row\">\n\t\t\t\t\t<div class=\"elementor-column elementor-col-100 elementor-top-column elementor-element elementor-element-5a87d00\" data-id=\"5a87d00\" data-element_type=\"column\">\n\t\t\t<div class=\"elementor-column-wrap elementor-element-populated\">\n\t\t\t\t\t\t\t<div class=\"elementor-widget-wrap\">\n\t\t\t\t\t\t<div class=\"elementor-element elementor-element-8d40e78 elementor-widget elementor-widget-image\" data-id=\"8d40e78\" data-element_type=\"widget\" data-widget_type=\"image.default\">\n\t\t\t\t<div class=\"elementor-widget-container\">\n\t\t\t\t\t\t\t\t<div class=\"elementor-image\">\n\t\t\t\t\t\t\t\t\t\t\t\t<img loading=\"lazy\" decoding=\"async\" width=\"150\" height=\"89\" src=\"https:\/\/www.snoticias.co.mz\/wp-content\/uploads\/2022\/11\/SN-noticias-logo.png\" class=\"attachment-large size-large\" alt=\"\" \/>\t\t\t\t\t\t\t\t\t\t\t\t\t\t<\/div>\n\t\t\t\t\t\t<\/div>\n\t\t\t\t<\/div>\n\t\t\t\t\t\t<\/div>\n\t\t\t\t\t<\/div>\n\t\t<\/div>\n\t\t\t\t\t\t\t\t<\/div>\n\t\t\t\t\t<\/div>\n\t\t<\/section>\n\t\t\t\t<section class=\"elementor-section elementor-top-section elementor-element elementor-element-bf0283e elementor-section-boxed elementor-section-height-default elementor-section-height-default\" data-id=\"bf0283e\" data-element_type=\"section\">\n\t\t\t\t\t\t<div class=\"elementor-container elementor-column-gap-default\">\n\t\t\t\t\t\t\t<div class=\"elementor-row\">\n\t\t\t\t\t<div class=\"elementor-column elementor-col-100 elementor-top-column elementor-element elementor-element-f782ec4\" data-id=\"f782ec4\" data-element_type=\"column\">\n\t\t\t<div class=\"elementor-column-wrap elementor-element-populated\">\n\t\t\t\t\t\t\t<div class=\"elementor-widget-wrap\">\n\t\t\t\t\t\t<div class=\"elementor-element elementor-element-129c575 elementor-widget elementor-widget-heading\" data-id=\"129c575\" data-element_type=\"widget\" data-widget_type=\"heading.default\">\n\t\t\t\t<div class=\"elementor-widget-container\">\n\t\t\t<h4 class=\"elementor-heading-title elementor-size-default\">CONSELHO DE ADMINISTRA\u00c7\u00c3O<\/h4>\t\t<\/div>\n\t\t\t\t<\/div>\n\t\t\t\t<div class=\"elementor-element elementor-element-04af987 elementor-widget elementor-widget-heading\" data-id=\"04af987\" data-element_type=\"widget\" data-widget_type=\"heading.default\">\n\t\t\t\t<div class=\"elementor-widget-container\">\n\t\t\t<h4 class=\"elementor-heading-title elementor-size-default\">J\u00falio Manjate (Presidente)<\/h4>\t\t<\/div>\n\t\t\t\t<\/div>\n\t\t\t\t<div class=\"elementor-element elementor-element-eb569e5 elementor-widget elementor-widget-heading\" data-id=\"eb569e5\" data-element_type=\"widget\" data-widget_type=\"heading.default\">\n\t\t\t\t<div class=\"elementor-widget-container\">\n\t\t\t<h4 class=\"elementor-heading-title elementor-size-default\">Jo\u00e3o Zibane (Administrador)<\/h4>\t\t<\/div>\n\t\t\t\t<\/div>\n\t\t\t\t<div class=\"elementor-element elementor-element-a5b6322 elementor-widget elementor-widget-heading\" data-id=\"a5b6322\" data-element_type=\"widget\" data-widget_type=\"heading.default\">\n\t\t\t\t<div class=\"elementor-widget-container\">\n\t\t\t<h4 class=\"elementor-heading-title elementor-size-default\">Ivan Cossa (Administrador)<\/h4>\t\t<\/div>\n\t\t\t\t<\/div>\n\t\t\t\t\t\t<\/div>\n\t\t\t\t\t<\/div>\n\t\t<\/div>\n\t\t\t\t\t\t\t\t<\/div>\n\t\t\t\t\t<\/div>\n\t\t<\/section>\n\t\t\t\t<section class=\"elementor-section elementor-top-section elementor-element elementor-element-0960bc0 elementor-section-boxed elementor-section-height-default elementor-section-height-default\" data-id=\"0960bc0\" data-element_type=\"section\">\n\t\t\t\t\t\t<div class=\"elementor-container elementor-column-gap-default\">\n\t\t\t\t\t\t\t<div class=\"elementor-row\">\n\t\t\t\t\t<div class=\"elementor-column elementor-col-100 elementor-top-column elementor-element elementor-element-ba6ba23\" data-id=\"ba6ba23\" data-element_type=\"column\">\n\t\t\t<div class=\"elementor-column-wrap elementor-element-populated\">\n\t\t\t\t\t\t\t<div class=\"elementor-widget-wrap\">\n\t\t\t\t\t\t<div class=\"elementor-element elementor-element-d7a9102 elementor-widget elementor-widget-image\" data-id=\"d7a9102\" data-element_type=\"widget\" data-widget_type=\"image.default\">\n\t\t\t\t<div class=\"elementor-widget-container\">\n\t\t\t\t\t\t\t\t<div class=\"elementor-image\">\n\t\t\t\t\t\t\t\t\t\t\t\t<img loading=\"lazy\" decoding=\"async\" width=\"800\" height=\"566\" src=\"https:\/\/www.snoticias.co.mz\/wp-content\/uploads\/2025\/04\/Artboard-1-1024x724.png\" class=\"attachment-large size-large\" alt=\"\" srcset=\"https:\/\/www.snoticias.co.mz\/wp-content\/uploads\/2025\/04\/Artboard-1-1024x724.png 1024w, https:\/\/www.snoticias.co.mz\/wp-content\/uploads\/2025\/04\/Artboard-1-300x212.png 300w, https:\/\/www.snoticias.co.mz\/wp-content\/uploads\/2025\/04\/Artboard-1-768x543.png 768w, https:\/\/www.snoticias.co.mz\/wp-content\/uploads\/2025\/04\/Artboard-1-1536x1086.png 1536w, https:\/\/www.snoticias.co.mz\/wp-content\/uploads\/2025\/04\/Artboard-1-2048x1449.png 2048w\" sizes=\"(max-width: 800px) 100vw, 800px\" \/>\t\t\t\t\t\t\t\t\t\t\t\t\t\t<\/div>\n\t\t\t\t\t\t<\/div>\n\t\t\t\t<\/div>\n\t\t\t\t<div class=\"elementor-element elementor-element-0812b76 elementor-widget elementor-widget-heading\" data-id=\"0812b76\" data-element_type=\"widget\" data-widget_type=\"heading.default\">\n\t\t\t\t<div class=\"elementor-widget-container\">\n\t\t\t<h4 class=\"elementor-heading-title elementor-size-default\">DIRE\u00c7\u00d5ES E DELEGA\u00c7\u00d5ES<\/h4>\t\t<\/div>\n\t\t\t\t<\/div>\n\t\t\t\t\t\t<\/div>\n\t\t\t\t\t<\/div>\n\t\t<\/div>\n\t\t\t\t\t\t\t\t<\/div>\n\t\t\t\t\t<\/div>\n\t\t<\/section>\n\t\t\t\t<section class=\"elementor-section elementor-top-section elementor-element elementor-element-881b075 elementor-section-boxed elementor-section-height-default elementor-section-height-default\" data-id=\"881b075\" data-element_type=\"section\">\n\t\t\t\t\t\t<div class=\"elementor-container elementor-column-gap-default\">\n\t\t\t\t\t\t\t<div class=\"elementor-row\">\n\t\t\t\t\t<div class=\"elementor-column elementor-col-50 elementor-top-column elementor-element elementor-element-852481a\" data-id=\"852481a\" data-element_type=\"column\">\n\t\t\t<div class=\"elementor-column-wrap elementor-element-populated\">\n\t\t\t\t\t\t\t<div class=\"elementor-widget-wrap\">\n\t\t\t\t\t\t<div class=\"elementor-element elementor-element-b51af78 elementor-widget elementor-widget-text-editor\" data-id=\"b51af78\" data-element_type=\"widget\" data-widget_type=\"text-editor.default\">\n\t\t\t\t<div class=\"elementor-widget-container\">\n\t\t\t\t\t\t\t\t<div class=\"elementor-text-editor elementor-clearfix\">\n\t\t\t\t<ul><li><strong>DIRECTOR-GERAL DA SN GR\u00c1FICA:<\/strong>\u00a0Carlos Cuinhane<\/li><li><span class=\"fTexto\"><strong>DIRECTOR DE ARTES GR\u00c1FICAS E TIC<\/strong><\/span>: Castro Furvela<\/li><li><strong>DIRECTOR COMERCIAL E MARKETING<\/strong>: Frederico Jamisse<\/li><li class=\"fParagrafoT\"><span class=\"fTitulo\"><strong>DIRECTOR EDITORIL NOT\u00cdCIAS: <\/strong><\/span>Ant\u00f3nio Mondlhane<\/li><li><span class=\"A2\"><span lang=\"PT\"><strong>DIRECTOR EDITORIAL DOMINGO:<\/strong> Almiro Santos<\/span><\/span><\/li><li><span class=\"A2\"><span lang=\"PT\"><strong>Editor Executivo DESAFIO: <\/strong>Atan\u00e1sio Zandamela<strong><br \/><\/strong><\/span><\/span><\/li><\/ul>\t\t\t\t\t<\/div>\n\t\t\t\t\t\t<\/div>\n\t\t\t\t<\/div>\n\t\t\t\t\t\t<\/div>\n\t\t\t\t\t<\/div>\n\t\t<\/div>\n\t\t\t\t<div class=\"elementor-column elementor-col-50 elementor-top-column elementor-element elementor-element-a5e13fe\" data-id=\"a5e13fe\" data-element_type=\"column\">\n\t\t\t<div class=\"elementor-column-wrap elementor-element-populated\">\n\t\t\t\t\t\t\t<div class=\"elementor-widget-wrap\">\n\t\t\t\t\t\t<div class=\"elementor-element elementor-element-1079549 elementor-widget elementor-widget-text-editor\" data-id=\"1079549\" data-element_type=\"widget\" data-widget_type=\"text-editor.default\">\n\t\t\t\t<div class=\"elementor-widget-container\">\n\t\t\t\t\t\t\t\t<div class=\"elementor-text-editor elementor-clearfix\">\n\t\t\t\t<ul><li><strong>Gaza<\/strong>: Assane Issa (Delegado)<\/li><li><strong>Inhambane<\/strong>: H\u00e9lio Filimone (Delegado interino)<\/li><li><strong>Manica<\/strong>: Jorge Rungo (Delegado)<\/li><li><strong>Sofala<\/strong>: Belmiro Adamugy (Delegado)<\/li><li><strong>Zamb\u00e9zia<\/strong>: Jocas Achar (Delegado)<\/li><li><strong>Tete<\/strong>: F\u00e9lix Dalelane (Delegado)<\/li><li><strong>Niassa<\/strong>: Sarra Nurdin (Delegada)<\/li><li><strong>Nampula<\/strong>: Felisberto Arna\u00e7a (Delegado)<\/li><li><strong>Cabo Delgado<\/strong>: Delfina Jaime (Delegada)<\/li><\/ul>\t\t\t\t\t<\/div>\n\t\t\t\t\t\t<\/div>\n\t\t\t\t<\/div>\n\t\t\t\t\t\t<\/div>\n\t\t\t\t\t<\/div>\n\t\t<\/div>\n\t\t\t\t\t\t\t\t<\/div>\n\t\t\t\t\t<\/div>\n\t\t<\/section>\n\t\t\t\t\t\t<\/div>\n\t\t\t\t\t\t<\/div>\n\t\t\t\t\t<\/div>\n\t\t","protected":false},"excerpt":{"rendered":"<p>ESTRUTURA ORG\u00c2NICA DA SOCIEDADE DO NOT\u00cdCIAS CONSELHO DE ADMINISTRA\u00c7\u00c3O J\u00falio Manjate (Presidente) Jo\u00e3o Zibane (Administrador) Ivan Cossa (Administrador) DIRE\u00c7\u00d5ES E DELEGA\u00c7\u00d5ES DIRECTOR-GERAL DA SN GR\u00c1FICA:\u00a0Carlos Cuinhane DIRECTOR DE ARTES GR\u00c1FICAS E TIC: Castro Furvela DIRECTOR COMERCIAL E MARKETING: Frederico Jamisse DIRECTOR EDITORIL NOT\u00cdCIAS: Ant\u00f3nio Mondlhane DIRECTOR EDITORIAL DOMINGO: Almiro Santos Editor Executivo DESAFIO: Atan\u00e1sio Zandamela [&hellip;]<\/p>\n","protected":false},"author":1,"featured_media":0,"parent":0,"menu_order":0,"comment_status":"closed","ping_status":"closed","template":"template\/full-width-template.php","meta":{"footnotes":""},"class_list":["post-48","page","type-page","status-publish","hentry"],"_links":{"self":[{"href":"https:\/\/www.snoticias.co.mz\/index.php?rest_route=\/wp\/v2\/pages\/48"}],"collection":[{"href":"https:\/\/www.snoticias.co.mz\/index.php?rest_route=\/wp\/v2\/pages"}],"about":[{"href":"https:\/\/www.snoticias.co.mz\/index.php?rest_route=\/wp\/v2\/types\/page"}],"author":[{"embeddable":true,"href":"https:\/\/www.snoticias.co.mz\/index.php?rest_route=\/wp\/v2\/users\/1"}],"replies":[{"embeddable":true,"href":"https:\/\/www.snoticias.co.mz\/index.php?rest_route=%2Fwp%2Fv2%2Fcomments&post=48"}],"version-history":[{"count":80,"href":"https:\/\/www.snoticias.co.mz\/index.php?rest_route=\/wp\/v2\/pages\/48\/revisions"}],"predecessor-version":[{"id":3589,"href":"https:\/\/www.snoticias.co.mz\/index.php?rest_route=\/wp\/v2\/pages\/48\/revisions\/3589"}],"wp:attachment":[{"href":"https:\/\/www.snoticias.co.mz\/index.php?rest_route=%2Fwp%2Fv2%2Fmedia&parent=48"}],"curies":[{"name":"wp","href":"https:\/\/api.w.org\/{rel}","templated":true}]}}