{"id":459,"date":"2019-01-15T04:26:12","date_gmt":"2019-01-15T04:26:12","guid":{"rendered":"http:\/\/localhost\/panel\/xpeedstudio\/wp\/automobil\/?page_id=459"},"modified":"2025-08-14T15:16:36","modified_gmt":"2025-08-14T15:16:36","slug":"pricing-table","status":"publish","type":"page","link":"https:\/\/www.snoticias.co.mz\/?page_id=459","title":{"rendered":"Jornal Not\u00edcias"},"content":{"rendered":"\t\t<div data-elementor-type=\"wp-post\" data-elementor-id=\"459\" class=\"elementor elementor-459\" data-elementor-settings=\"[]\">\n\t\t\t\t\t\t<div class=\"elementor-inner\">\n\t\t\t\t\t\t\t<div class=\"elementor-section-wrap\">\n\t\t\t\t\t\t\t<section class=\"elementor-section elementor-top-section elementor-element elementor-element-38c192c elementor-section-boxed elementor-section-height-default elementor-section-height-default\" data-id=\"38c192c\" data-element_type=\"section\">\n\t\t\t\t\t\t<div class=\"elementor-container elementor-column-gap-default\">\n\t\t\t\t\t\t\t<div class=\"elementor-row\">\n\t\t\t\t\t<div class=\"elementor-column elementor-col-100 elementor-top-column elementor-element elementor-element-cf5bc3c\" data-id=\"cf5bc3c\" data-element_type=\"column\">\n\t\t\t<div class=\"elementor-column-wrap elementor-element-populated\">\n\t\t\t\t\t\t\t<div class=\"elementor-widget-wrap\">\n\t\t\t\t\t\t<div class=\"elementor-element elementor-element-70a060e elementor-widget elementor-widget-image\" data-id=\"70a060e\" data-element_type=\"widget\" data-widget_type=\"image.default\">\n\t\t\t\t<div class=\"elementor-widget-container\">\n\t\t\t\t\t\t\t\t<div class=\"elementor-image\">\n\t\t\t\t\t\t\t\t\t\t\t\t\t<a href=\"https:\/\/www.jornalnoticias.co.mz\" target=\"_blank\">\n\t\t\t\t\t\t\t<img loading=\"lazy\" decoding=\"async\" width=\"350\" height=\"220\" src=\"https:\/\/www.snoticias.co.mz\/wp-content\/uploads\/2019\/01\/Noticias.jpg\" class=\"attachment-1536x1536 size-1536x1536\" alt=\"\" srcset=\"https:\/\/www.snoticias.co.mz\/wp-content\/uploads\/2019\/01\/Noticias.jpg 350w, https:\/\/www.snoticias.co.mz\/wp-content\/uploads\/2019\/01\/Noticias-300x189.jpg 300w\" sizes=\"(max-width: 350px) 100vw, 350px\" \/>\t\t\t\t\t\t\t\t<\/a>\n\t\t\t\t\t\t\t\t\t\t\t\t\t\t<\/div>\n\t\t\t\t\t\t<\/div>\n\t\t\t\t<\/div>\n\t\t\t\t<div class=\"elementor-element elementor-element-9bc8399 elementor-widget elementor-widget-heading\" data-id=\"9bc8399\" data-element_type=\"widget\" data-widget_type=\"heading.default\">\n\t\t\t\t<div class=\"elementor-widget-container\">\n\t\t\t<h2 class=\"elementor-heading-title elementor-size-default\"><a href=\"https:\/\/www.jornalnoticias.co.mz\" target=\"_blank\">Jornal Not\u00edcias<\/a><\/h2>\t\t<\/div>\n\t\t\t\t<\/div>\n\t\t\t\t\t\t<\/div>\n\t\t\t\t\t<\/div>\n\t\t<\/div>\n\t\t\t\t\t\t\t\t<\/div>\n\t\t\t\t\t<\/div>\n\t\t<\/section>\n\t\t\t\t<section class=\"elementor-section elementor-top-section elementor-element elementor-element-494d0f1 elementor-section-boxed elementor-section-height-default elementor-section-height-default\" data-id=\"494d0f1\" data-element_type=\"section\" data-settings=\"{&quot;background_background&quot;:&quot;classic&quot;}\">\n\t\t\t\t\t\t<div class=\"elementor-container elementor-column-gap-default\">\n\t\t\t\t\t\t\t<div class=\"elementor-row\">\n\t\t\t\t\t<div class=\"elementor-column elementor-col-100 elementor-top-column elementor-element elementor-element-5d3f2fd\" data-id=\"5d3f2fd\" data-element_type=\"column\">\n\t\t\t<div class=\"elementor-column-wrap elementor-element-populated\">\n\t\t\t\t\t\t\t<div class=\"elementor-widget-wrap\">\n\t\t\t\t\t\t<div class=\"elementor-element elementor-element-15c3016 elementor-widget elementor-widget-text-editor\" data-id=\"15c3016\" data-element_type=\"widget\" data-widget_type=\"text-editor.default\">\n\t\t\t\t<div class=\"elementor-widget-container\">\n\t\t\t\t\t\t\t\t<div class=\"elementor-text-editor elementor-clearfix\">\n\t\t\t\t<p>A caminhada do <strong><em>not\u00edcias<\/em><\/strong> come\u00e7ou a <strong>15 de Abril de 1926<\/strong>. Foi feita (est\u00e1 a ser feita) de valores que transcendem gera\u00e7\u00f5es, para tornarem-se numa b\u00fassola para Mo\u00e7ambique inteiro, ao se ter tornado, j\u00e1 nos seus prim\u00f3rdios, no principal jornal mo\u00e7ambicano de sempre.<\/p><p>Escolhemos, desde o in\u00edcio, comprometermo-nos com um jornalismo s\u00e9rio e contribuirmos para a dignidade de uma na\u00e7\u00e3o que, como n\u00f3s, se est\u00e1 a construir todos os dias. Atrav\u00e9s do <strong><em>not\u00edcias<\/em><\/strong> cidad\u00e3os de todas as latitudes deste pa\u00eds, e n\u00e3o s\u00f3, informam-se sobre o pulsar da na\u00e7\u00e3o e t\u00eam em n\u00f3s um jornal incontorn\u00e1vel nos mais variados dom\u00ednios, desde as not\u00edcias\u00a0 generalistas at\u00e9 \u00e0s de especialidade.<\/p><p>Se ao longo dos anos formamos gera\u00e7\u00f5es de mo\u00e7ambicanos, muito especificamente, para cumprirem esta miss\u00e3o, formamos tamb\u00e9m jornalistas, muitos deles aut\u00eanticas refer\u00eancias neste of\u00edcio. \u00c9 mais uma marca de import\u00e2ncia do <strong><em>not\u00edcias<\/em><\/strong> para o jornalismo e para os cidad\u00e3os mo\u00e7ambicanos.<\/p><p>A longevidade do nosso matutino \u00e9 t\u00e3o longa quanto o vigor e o desejo que evidenciamos diariamente de estabelecer a ponte entre os factos e os leitores a quem informamos sobre o pa\u00eds e o mundo.<\/p><p>O percurso do <strong><em>not\u00edcias<\/em><\/strong> \u00e9 de um jornal sempre em crescendo, diferindo uma da outra as suas v\u00e1rias etapas, o que \u00e9 comprov\u00e1vel principalmente pela apresenta\u00e7\u00e3o do jornal em p\u00fablico. Por exemplo, quando saiu \u00e0 rua pela primeira vez, a <strong>15 de Abril de 1926<\/strong>, era de um formato menor que o <em>broadsheet <\/em>de hoje; os apenas <strong>250 exemplares<\/strong> de ent\u00e3o, sem foto nem cor eram impressos numa rudimentar tipografia. Hoje, mais do que os v\u00e1rios milhares em tiragens, o jornal traz para al\u00e9m de mais p\u00e1ginas e por conseguinte mais conte\u00fados, as mais modernas formas de apresenta\u00e7\u00e3o.<\/p><p>S\u00e3o p\u00e1ginas de uma realidade com que, tal como nos nossos precedentes no <strong><em>not\u00edcias<\/em><\/strong>, apresentamos hoje com um compromisso que nos ser\u00e1 sempre conhecido. Porque o nosso compromisso \u00e9 com os factos e estes, que retratamos fielmente, s\u00e3o a nossa caminhada, que vai em breve atingir os <strong>100 anos!&#8230;<\/strong><\/p>\t\t\t\t\t<\/div>\n\t\t\t\t\t\t<\/div>\n\t\t\t\t<\/div>\n\t\t\t\t\t\t<\/div>\n\t\t\t\t\t<\/div>\n\t\t<\/div>\n\t\t\t\t\t\t\t\t<\/div>\n\t\t\t\t\t<\/div>\n\t\t<\/section>\n\t\t\t\t<section class=\"elementor-section elementor-top-section elementor-element elementor-element-aa544bc elementor-section-boxed elementor-section-height-default elementor-section-height-default\" data-id=\"aa544bc\" data-element_type=\"section\">\n\t\t\t\t\t\t<div class=\"elementor-container elementor-column-gap-default\">\n\t\t\t\t\t\t\t<div class=\"elementor-row\">\n\t\t\t\t\t<div class=\"elementor-column elementor-col-100 elementor-top-column elementor-element elementor-element-05264ad\" data-id=\"05264ad\" data-element_type=\"column\">\n\t\t\t<div class=\"elementor-column-wrap elementor-element-populated\">\n\t\t\t\t\t\t\t<div class=\"elementor-widget-wrap\">\n\t\t\t\t\t\t<div class=\"elementor-element elementor-element-8cee309 elementor-widget elementor-widget-heading\" data-id=\"8cee309\" data-element_type=\"widget\" data-widget_type=\"heading.default\">\n\t\t\t\t<div class=\"elementor-widget-container\">\n\t\t\t<h4 class=\"elementor-heading-title elementor-size-default\">Ficha T\u00e9cnica<\/h4>\t\t<\/div>\n\t\t\t\t<\/div>\n\t\t\t\t\t\t<\/div>\n\t\t\t\t\t<\/div>\n\t\t<\/div>\n\t\t\t\t\t\t\t\t<\/div>\n\t\t\t\t\t<\/div>\n\t\t<\/section>\n\t\t\t\t<section class=\"elementor-section elementor-top-section elementor-element elementor-element-99ae149 elementor-section-boxed elementor-section-height-default elementor-section-height-default\" data-id=\"99ae149\" data-element_type=\"section\">\n\t\t\t\t\t\t<div class=\"elementor-container elementor-column-gap-default\">\n\t\t\t\t\t\t\t<div class=\"elementor-row\">\n\t\t\t\t\t<div class=\"elementor-column elementor-col-100 elementor-top-column elementor-element elementor-element-40018de\" data-id=\"40018de\" data-element_type=\"column\">\n\t\t\t<div class=\"elementor-column-wrap elementor-element-populated\">\n\t\t\t\t\t\t\t<div class=\"elementor-widget-wrap\">\n\t\t\t\t\t\t<div class=\"elementor-element elementor-element-5963232 elementor-widget elementor-widget-heading\" data-id=\"5963232\" data-element_type=\"widget\" data-widget_type=\"heading.default\">\n\t\t\t\t<div class=\"elementor-widget-container\">\n\t\t\t<h4 class=\"elementor-heading-title elementor-size-default\">Ant\u00f3nio Mondlhane (Director Editorial)<\/h4>\t\t<\/div>\n\t\t\t\t<\/div>\n\t\t\t\t\t\t<\/div>\n\t\t\t\t\t<\/div>\n\t\t<\/div>\n\t\t\t\t\t\t\t\t<\/div>\n\t\t\t\t\t<\/div>\n\t\t<\/section>\n\t\t\t\t<section class=\"elementor-section elementor-top-section elementor-element elementor-element-7573a2f elementor-section-boxed elementor-section-height-default elementor-section-height-default\" data-id=\"7573a2f\" data-element_type=\"section\">\n\t\t\t\t\t\t<div class=\"elementor-container elementor-column-gap-default\">\n\t\t\t\t\t\t\t<div class=\"elementor-row\">\n\t\t\t\t\t<div class=\"elementor-column elementor-col-33 elementor-top-column elementor-element elementor-element-ba3936b\" data-id=\"ba3936b\" data-element_type=\"column\">\n\t\t\t<div class=\"elementor-column-wrap elementor-element-populated\">\n\t\t\t\t\t\t\t<div class=\"elementor-widget-wrap\">\n\t\t\t\t\t\t<div class=\"elementor-element elementor-element-a531556 elementor-widget elementor-widget-text-editor\" data-id=\"a531556\" data-element_type=\"widget\" data-widget_type=\"text-editor.default\">\n\t\t\t\t<div class=\"elementor-widget-container\">\n\t\t\t\t\t\t\t\t<div class=\"elementor-text-editor elementor-clearfix\">\n\t\t\t\t<ul><li><strong>Chefe da Redac\u00e7\u00e3o<\/strong>: Paulo da Concei\u00e7\u00e3o<\/li><li><strong>Subchefes da Redac\u00e7\u00e3o<\/strong>: Titos Munguambe e Anabela Massingue<\/li><li><strong>Redactor de Fecho<\/strong>: Osvaldo G\u00eamo<\/li><li><strong>ECONOMIA E NEG\u00d3CIOS<\/strong>: Azize Nicasse<\/li><li><strong>FOTOGRAFIA<\/strong>: In\u00e1cio Pereira (Chefe) e F\u00e9lix Matsinhe.<\/li><\/ul>\t\t\t\t\t<\/div>\n\t\t\t\t\t\t<\/div>\n\t\t\t\t<\/div>\n\t\t\t\t\t\t<\/div>\n\t\t\t\t\t<\/div>\n\t\t<\/div>\n\t\t\t\t<div class=\"elementor-column elementor-col-33 elementor-top-column elementor-element elementor-element-c834c8d\" data-id=\"c834c8d\" data-element_type=\"column\">\n\t\t\t<div class=\"elementor-column-wrap elementor-element-populated\">\n\t\t\t\t\t\t\t<div class=\"elementor-widget-wrap\">\n\t\t\t\t\t\t<div class=\"elementor-element elementor-element-9cf3cd0 elementor-widget elementor-widget-text-editor\" data-id=\"9cf3cd0\" data-element_type=\"widget\" data-widget_type=\"text-editor.default\">\n\t\t\t\t<div class=\"elementor-widget-container\">\n\t\t\t\t\t\t\t\t<div class=\"elementor-text-editor elementor-clearfix\">\n\t\t\t\t<ul><li><strong>POL\u00cdTICA, OPINI\u00c3O e AN\u00c1LISE<\/strong>: Francisco Manjate (Editor), IsaIas Muthimba, Lac\u00e9rcia Cumbana, Nilza Gune, Jord\u00e3o Corneta e Ivete Sitoe.<\/li><li><strong>Nacional:<\/strong> Ana Rita Tene (Editora), Walter Mbenhane, Quit\u00e9ria Uamusse, Farcelina Cumbe, Leovegildo da<br \/>Cruz, Alberto Zuze e Nilton Dimande<\/li><li><strong>DESPORTO<\/strong>: Redac\u00e7\u00e3o Desportiva<\/li><li><strong>JORNAL ONLINE<\/strong>: Deanof Potompuanha (Editor), Am\u00e2ndio Macu\u00e1cua e Juma Capela<\/li><\/ul>\t\t\t\t\t<\/div>\n\t\t\t\t\t\t<\/div>\n\t\t\t\t<\/div>\n\t\t\t\t\t\t<\/div>\n\t\t\t\t\t<\/div>\n\t\t<\/div>\n\t\t\t\t<div class=\"elementor-column elementor-col-33 elementor-top-column elementor-element elementor-element-c66ba12\" data-id=\"c66ba12\" data-element_type=\"column\">\n\t\t\t<div class=\"elementor-column-wrap elementor-element-populated\">\n\t\t\t\t\t\t\t<div class=\"elementor-widget-wrap\">\n\t\t\t\t\t\t<div class=\"elementor-element elementor-element-e56557d elementor-widget elementor-widget-text-editor\" data-id=\"e56557d\" data-element_type=\"widget\" data-widget_type=\"text-editor.default\">\n\t\t\t\t<div class=\"elementor-widget-container\">\n\t\t\t\t\t\t\t\t<div class=\"elementor-text-editor elementor-clearfix\">\n\t\t\t\t<ul><li><strong>CI\u00caNCIA, AMBIENTE &amp; TECNOLOGIA<\/strong>: Ed\u00edlia Munguambe.<\/li><li><strong>CULTURA, RECREIO E DIVULGA\u00c7\u00c3O: <\/strong>Gil Filipe (Editor), N\u00e1gel Mungoi e Lucas Muaga.<\/li><li><strong>\u00a0INTERNACIONAL<\/strong>: Manuel Muc\u00e1ri e Valdimiro Saquene.<\/li><li>\u00a0<b>Arquivo:<\/b> Artimiza Machel (Chefe) e Daniel Nguetse.<\/li><\/ul>\t\t\t\t\t<\/div>\n\t\t\t\t\t\t<\/div>\n\t\t\t\t<\/div>\n\t\t\t\t\t\t<\/div>\n\t\t\t\t\t<\/div>\n\t\t<\/div>\n\t\t\t\t\t\t\t\t<\/div>\n\t\t\t\t\t<\/div>\n\t\t<\/section>\n\t\t\t\t<section class=\"elementor-section elementor-top-section elementor-element elementor-element-cd6d1ca elementor-section-boxed elementor-section-height-default elementor-section-height-default\" data-id=\"cd6d1ca\" data-element_type=\"section\">\n\t\t\t\t\t\t<div class=\"elementor-container elementor-column-gap-default\">\n\t\t\t\t\t\t\t<div class=\"elementor-row\">\n\t\t\t\t\t<div class=\"elementor-column elementor-col-100 elementor-top-column elementor-element elementor-element-2fa6b6a\" data-id=\"2fa6b6a\" data-element_type=\"column\">\n\t\t\t<div class=\"elementor-column-wrap elementor-element-populated\">\n\t\t\t\t\t\t\t<div class=\"elementor-widget-wrap\">\n\t\t\t\t\t\t<div class=\"elementor-element elementor-element-c25e6fd elementor-widget elementor-widget-autrics-process\" data-id=\"c25e6fd\" data-element_type=\"widget\" data-widget_type=\"autrics-process.default\">\n\t\t\t\t<div class=\"elementor-widget-container\">\n\t\t\t      \t\n         \n        <div class=\"row working-box-wrapper\">\n            <div class=\"col-md-4\">\n               <div class=\"working-single-box child_1\">\n\t\t\t\t   <span class=\"working-left-shape\"><\/span>\n                  <div class=\"working-content-wrapper\">\n                     <span class=\"workig-icon\">\n                        <i class=\"icon icon-home\"><\/i>\n                     <\/span>\n                     <div class=\"working-content\">\n                                                <h3> Rua Joe Slovo<\/h3>\n                        <p>55 \u2022 C.Postal 327<\/p>\n                     <\/div> <!-- Working Content -->\n\t\t\t\t  <\/div> <!-- Working wrapper -->\n\t\t\t\t  <span class=\"working-right-shape\"><\/span>\n               <\/div> <!-- Working single box -->\n            <\/div><!-- Col End -->\n            <div class=\"col-md-4\">\n               <div class=\"working-single-box child_2 bg-red\">\n               <span class=\"working-left-shape\"><\/span>\n                  <div class=\"working-content-wrapper\">\n\t\t\t\t         <span class=\"workig-icon\">\n                        <i class=\"icon icon-phone-handset\"><\/i>\n                     <\/span>\n                     <div class=\"working-content\">\n                                             <h3>+258 843 400 623<\/h3>\n                        <p>Liga-nos<\/p>\n                     <\/div> <!-- Working Content -->\n                  <\/div> <!-- Working wrapper -->\n                  <span class=\"working-right-shape\"><\/span>\n               <\/div> <!-- Working single box -->\n            <\/div><!-- Col End -->\n            <div class=\"col-md-4\">\n               <div class=\"working-single-box child_3 bg-red-light\">\n                  <div class=\"working-content-wrapper\">\n\t\t\t\t  <span class=\"workig-icon\">\n                        <i class=\"fa fa-send\"><\/i>\n                     <\/span>\n                     <div class=\"working-content\">\n                                             <h3>atendimento@snoticias.co.mz <\/h3>\n                        <p>Como podemos ajudar?<\/p>\n                     <\/div> <!-- Working Content -->\n                  <\/div> <!-- Working wrapper -->\n                  <span class=\"working-right-shape\"><\/span>\n               <\/div> <!-- Working single box -->\n            <\/div><!-- Col End -->\n        <\/div> <!-- Row End -->\n\t\t\t          \n     \t\t<\/div>\n\t\t\t\t<\/div>\n\t\t\t\t\t\t<\/div>\n\t\t\t\t\t<\/div>\n\t\t<\/div>\n\t\t\t\t\t\t\t\t<\/div>\n\t\t\t\t\t<\/div>\n\t\t<\/section>\n\t\t\t\t\t\t<\/div>\n\t\t\t\t\t\t<\/div>\n\t\t\t\t\t<\/div>\n\t\t","protected":false},"excerpt":{"rendered":"<p>Jornal Not\u00edcias A caminhada do not\u00edcias come\u00e7ou a 15 de Abril de 1926. Foi feita (est\u00e1 a ser feita) de valores que transcendem gera\u00e7\u00f5es, para tornarem-se numa b\u00fassola para Mo\u00e7ambique inteiro, ao se ter tornado, j\u00e1 nos seus prim\u00f3rdios, no principal jornal mo\u00e7ambicano de sempre. Escolhemos, desde o in\u00edcio, comprometermo-nos com um jornalismo s\u00e9rio e [&hellip;]<\/p>\n","protected":false},"author":1,"featured_media":0,"parent":0,"menu_order":0,"comment_status":"closed","ping_status":"closed","template":"template\/full-width-template.php","meta":{"footnotes":""},"class_list":["post-459","page","type-page","status-publish","hentry"],"_links":{"self":[{"href":"https:\/\/www.snoticias.co.mz\/index.php?rest_route=\/wp\/v2\/pages\/459"}],"collection":[{"href":"https:\/\/www.snoticias.co.mz\/index.php?rest_route=\/wp\/v2\/pages"}],"about":[{"href":"https:\/\/www.snoticias.co.mz\/index.php?rest_route=\/wp\/v2\/types\/page"}],"author":[{"embeddable":true,"href":"https:\/\/www.snoticias.co.mz\/index.php?rest_route=\/wp\/v2\/users\/1"}],"replies":[{"embeddable":true,"href":"https:\/\/www.snoticias.co.mz\/index.php?rest_route=%2Fwp%2Fv2%2Fcomments&post=459"}],"version-history":[{"count":77,"href":"https:\/\/www.snoticias.co.mz\/index.php?rest_route=\/wp\/v2\/pages\/459\/revisions"}],"predecessor-version":[{"id":3570,"href":"https:\/\/www.snoticias.co.mz\/index.php?rest_route=\/wp\/v2\/pages\/459\/revisions\/3570"}],"wp:attachment":[{"href":"https:\/\/www.snoticias.co.mz\/index.php?rest_route=%2Fwp%2Fv2%2Fmedia&parent=459"}],"curies":[{"name":"wp","href":"https:\/\/api.w.org\/{rel}","templated":true}]}}