{"id":3513,"date":"2025-04-13T15:33:58","date_gmt":"2025-04-13T15:33:58","guid":{"rendered":"https:\/\/www.snoticias.co.mz\/?page_id=3513"},"modified":"2025-04-13T15:56:56","modified_gmt":"2025-04-13T15:56:56","slug":"jornal-digital","status":"publish","type":"page","link":"https:\/\/www.snoticias.co.mz\/?page_id=3513","title":{"rendered":"Jornal Digital"},"content":{"rendered":"\t\t<div data-elementor-type=\"wp-page\" data-elementor-id=\"3513\" class=\"elementor elementor-3513\" data-elementor-settings=\"[]\">\n\t\t\t\t\t\t<div class=\"elementor-inner\">\n\t\t\t\t\t\t\t<div class=\"elementor-section-wrap\">\n\t\t\t\t\t\t\t<section class=\"elementor-section elementor-top-section elementor-element elementor-element-2b4fa63 elementor-section-boxed elementor-section-height-default elementor-section-height-default\" data-id=\"2b4fa63\" data-element_type=\"section\">\n\t\t\t\t\t\t<div class=\"elementor-container elementor-column-gap-default\">\n\t\t\t\t\t\t\t<div class=\"elementor-row\">\n\t\t\t\t\t<div class=\"elementor-column elementor-col-100 elementor-top-column elementor-element elementor-element-13cf522\" data-id=\"13cf522\" data-element_type=\"column\">\n\t\t\t<div class=\"elementor-column-wrap elementor-element-populated\">\n\t\t\t\t\t\t\t<div class=\"elementor-widget-wrap\">\n\t\t\t\t\t\t<div class=\"elementor-element elementor-element-6fbb156 elementor-widget elementor-widget-image\" data-id=\"6fbb156\" data-element_type=\"widget\" data-widget_type=\"image.default\">\n\t\t\t\t<div class=\"elementor-widget-container\">\n\t\t\t\t\t\t\t\t<div class=\"elementor-image\">\n\t\t\t\t\t\t\t\t\t\t\t\t<img loading=\"lazy\" decoding=\"async\" width=\"150\" height=\"90\" src=\"https:\/\/www.snoticias.co.mz\/wp-content\/uploads\/2025\/04\/Digital.jpg\" class=\"attachment-large size-large\" alt=\"\" \/>\t\t\t\t\t\t\t\t\t\t\t\t\t\t<\/div>\n\t\t\t\t\t\t<\/div>\n\t\t\t\t<\/div>\n\t\t\t\t\t\t<\/div>\n\t\t\t\t\t<\/div>\n\t\t<\/div>\n\t\t\t\t\t\t\t\t<\/div>\n\t\t\t\t\t<\/div>\n\t\t<\/section>\n\t\t\t\t<section class=\"elementor-section elementor-top-section elementor-element elementor-element-99ed7a0 elementor-section-boxed elementor-section-height-default elementor-section-height-default\" data-id=\"99ed7a0\" data-element_type=\"section\">\n\t\t\t\t\t\t<div class=\"elementor-container elementor-column-gap-default\">\n\t\t\t\t\t\t\t<div class=\"elementor-row\">\n\t\t\t\t\t<div class=\"elementor-column elementor-col-100 elementor-top-column elementor-element elementor-element-4640890\" data-id=\"4640890\" data-element_type=\"column\">\n\t\t\t<div class=\"elementor-column-wrap elementor-element-populated\">\n\t\t\t\t\t\t\t<div class=\"elementor-widget-wrap\">\n\t\t\t\t\t\t<div class=\"elementor-element elementor-element-b738176 elementor-widget elementor-widget-heading\" data-id=\"b738176\" data-element_type=\"widget\" data-widget_type=\"heading.default\">\n\t\t\t\t<div class=\"elementor-widget-container\">\n\t\t\t<h2 class=\"elementor-heading-title elementor-size-default\">Jornal Digital<\/h2>\t\t<\/div>\n\t\t\t\t<\/div>\n\t\t\t\t\t\t<\/div>\n\t\t\t\t\t<\/div>\n\t\t<\/div>\n\t\t\t\t\t\t\t\t<\/div>\n\t\t\t\t\t<\/div>\n\t\t<\/section>\n\t\t\t\t<section class=\"elementor-section elementor-top-section elementor-element elementor-element-5811003 elementor-section-boxed elementor-section-height-default elementor-section-height-default\" data-id=\"5811003\" data-element_type=\"section\">\n\t\t\t\t\t\t<div class=\"elementor-container elementor-column-gap-default\">\n\t\t\t\t\t\t\t<div class=\"elementor-row\">\n\t\t\t\t\t<div class=\"elementor-column elementor-col-100 elementor-top-column elementor-element elementor-element-a3ca935\" data-id=\"a3ca935\" data-element_type=\"column\">\n\t\t\t<div class=\"elementor-column-wrap elementor-element-populated\">\n\t\t\t\t\t\t\t<div class=\"elementor-widget-wrap\">\n\t\t\t\t\t\t<div class=\"elementor-element elementor-element-eb05db3 elementor-widget elementor-widget-text-editor\" data-id=\"eb05db3\" data-element_type=\"widget\" data-widget_type=\"text-editor.default\">\n\t\t\t\t<div class=\"elementor-widget-container\">\n\t\t\t\t\t\t\t\t<div class=\"elementor-text-editor elementor-clearfix\">\n\t\t\t\t<p>O <span style=\"text-decoration: underline;\"><a href=\"https:\/\/flipbook-snoticias.app.co.mz\/login.php\"><strong>Jornal Digital<\/strong><\/a><\/span> da <strong>Sociedade do Not\u00edcias<\/strong> \u00e9 a evolu\u00e7\u00e3o natural da informa\u00e7\u00e3o, projetado para trazer a experi\u00eancia dos jornais impressos para o ambiente digital. Lan\u00e7ado em 2019, este inovador produto n\u00e3o apenas preserva a ess\u00eancia do jornalismo tradicional, mas tamb\u00e9m aproveita as vantagens da tecnologia moderna para fornecer conte\u00fado relevante e actualizado em tempo real.<\/p><p>Dispon\u00edvel na <span style=\"text-decoration: underline;\"><a href=\"https:\/\/flipbook-snoticias.app.co.mz\/login.php\">vers\u00e3o web<\/a><\/span> e por meio de aplicativos m\u00f3veis(<span style=\"text-decoration: underline;\"><a href=\"https:\/\/play.google.com\/store\/apps\/details?id=logicasoftware.co.mz.publications\">Android<\/a> <\/span>e <a href=\"https:\/\/apps.apple.com\/mz\/app\/not%C3%ADcias-digital\/id126306581\"><span style=\"text-decoration: underline;\">IOS<\/span><\/a>), o jornal digital permite que os leitores acessem as not\u00edcias de forma pr\u00e1tica e interativa, a qualquer hora e em qualquer lugar. Com uma interface intuitiva e recursos multim\u00eddia, a plataforma oferece uma experi\u00eancia de leitura mais rica e envolvente.<\/p><p>A Sociedade do Not\u00edcias se compromete com a qualidade e a veracidade das informa\u00e7\u00f5es, apresentando mat\u00e9rias completas, an\u00e1lises aprofundadas e uma ampla cobertura de eventos locais, nacionais e internacionais..<\/p><p>Com o Jornal Digital, a Sociedade do Not\u00edcias reafirma seu compromisso com a inova\u00e7\u00e3o e a excel\u00eancia no jornalismo, trazendo a voc\u00ea uma nova forma de se conectar com o mundo.<\/p>\t\t\t\t\t<\/div>\n\t\t\t\t\t\t<\/div>\n\t\t\t\t<\/div>\n\t\t\t\t\t\t<\/div>\n\t\t\t\t\t<\/div>\n\t\t<\/div>\n\t\t\t\t\t\t\t\t<\/div>\n\t\t\t\t\t<\/div>\n\t\t<\/section>\n\t\t\t\t<section class=\"elementor-section elementor-top-section elementor-element elementor-element-a0dfaff elementor-section-boxed elementor-section-height-default elementor-section-height-default\" data-id=\"a0dfaff\" data-element_type=\"section\">\n\t\t\t\t\t\t<div class=\"elementor-container elementor-column-gap-default\">\n\t\t\t\t\t\t\t<div class=\"elementor-row\">\n\t\t\t\t\t<div class=\"elementor-column elementor-col-100 elementor-top-column elementor-element elementor-element-76feded\" data-id=\"76feded\" data-element_type=\"column\">\n\t\t\t<div class=\"elementor-column-wrap elementor-element-populated\">\n\t\t\t\t\t\t\t<div class=\"elementor-widget-wrap\">\n\t\t\t\t\t\t<div class=\"elementor-element elementor-element-e2e166e elementor-widget elementor-widget-accordion\" data-id=\"e2e166e\" data-element_type=\"widget\" data-widget_type=\"accordion.default\">\n\t\t\t\t<div class=\"elementor-widget-container\">\n\t\t\t\t\t<div class=\"elementor-accordion\" role=\"tablist\">\n\t\t\t\t\t\t\t<div class=\"elementor-accordion-item\">\n\t\t\t\t\t<div id=\"elementor-tab-title-2371\" class=\"elementor-tab-title\" data-tab=\"1\" role=\"tab\" aria-controls=\"elementor-tab-content-2371\" aria-expanded=\"false\">\n\t\t\t\t\t\t\t\t\t\t\t\t\t<span class=\"elementor-accordion-icon elementor-accordion-icon-left\" aria-hidden=\"true\">\n\t\t\t\t\t\t\t\t\t\t\t\t\t\t\t<span class=\"elementor-accordion-icon-closed\"><i class=\"fas fa-plus\"><\/i><\/span>\n\t\t\t\t\t\t\t\t<span class=\"elementor-accordion-icon-opened\"><i class=\"fas fa-minus\"><\/i><\/span>\n\t\t\t\t\t\t\t\t\t\t\t\t\t\t<\/span>\n\t\t\t\t\t\t\t\t\t\t\t\t<a class=\"elementor-accordion-title\" href=\"\">Como posso acessar o Jornal Digital?<\/a>\n\t\t\t\t\t<\/div>\n\t\t\t\t\t<div id=\"elementor-tab-content-2371\" class=\"elementor-tab-content elementor-clearfix\" data-tab=\"1\" role=\"tabpanel\" aria-labelledby=\"elementor-tab-title-2371\"><p>Voc\u00ea pode acessar o Jornal Digital atrav\u00e9s do nosso site oficial ou baixando os aplicativos para celulares dispon\u00edveis na App Store e Google Play. Basta se registrar com seu e-mail para come\u00e7ar a explorar nosso conte\u00fado.<\/p><\/div>\n\t\t\t\t<\/div>\n\t\t\t\t\t\t\t<div class=\"elementor-accordion-item\">\n\t\t\t\t\t<div id=\"elementor-tab-title-2372\" class=\"elementor-tab-title\" data-tab=\"2\" role=\"tab\" aria-controls=\"elementor-tab-content-2372\" aria-expanded=\"false\">\n\t\t\t\t\t\t\t\t\t\t\t\t\t<span class=\"elementor-accordion-icon elementor-accordion-icon-left\" aria-hidden=\"true\">\n\t\t\t\t\t\t\t\t\t\t\t\t\t\t\t<span class=\"elementor-accordion-icon-closed\"><i class=\"fas fa-plus\"><\/i><\/span>\n\t\t\t\t\t\t\t\t<span class=\"elementor-accordion-icon-opened\"><i class=\"fas fa-minus\"><\/i><\/span>\n\t\t\t\t\t\t\t\t\t\t\t\t\t\t<\/span>\n\t\t\t\t\t\t\t\t\t\t\t\t<a class=\"elementor-accordion-title\" href=\"\">O conte\u00fado do Jornal Digital \u00e9 gratuito?<\/a>\n\t\t\t\t\t<\/div>\n\t\t\t\t\t<div id=\"elementor-tab-content-2372\" class=\"elementor-tab-content elementor-clearfix\" data-tab=\"2\" role=\"tabpanel\" aria-labelledby=\"elementor-tab-title-2372\"><p>O Jornal Digital oferece tanto conte\u00fados gratuitos quanto assinaturas Premium. Enquanto voc\u00ea pode acessar v\u00e1rias mat\u00e9rias e se\u00e7\u00f5es sem custo, algumas reportagens e an\u00e1lises exclusivas est\u00e3o dispon\u00edveis apenas para assinantes.<\/p><\/div>\n\t\t\t\t<\/div>\n\t\t\t\t\t\t\t<div class=\"elementor-accordion-item\">\n\t\t\t\t\t<div id=\"elementor-tab-title-2373\" class=\"elementor-tab-title\" data-tab=\"3\" role=\"tab\" aria-controls=\"elementor-tab-content-2373\" aria-expanded=\"false\">\n\t\t\t\t\t\t\t\t\t\t\t\t\t<span class=\"elementor-accordion-icon elementor-accordion-icon-left\" aria-hidden=\"true\">\n\t\t\t\t\t\t\t\t\t\t\t\t\t\t\t<span class=\"elementor-accordion-icon-closed\"><i class=\"fas fa-plus\"><\/i><\/span>\n\t\t\t\t\t\t\t\t<span class=\"elementor-accordion-icon-opened\"><i class=\"fas fa-minus\"><\/i><\/span>\n\t\t\t\t\t\t\t\t\t\t\t\t\t\t<\/span>\n\t\t\t\t\t\t\t\t\t\t\t\t<a class=\"elementor-accordion-title\" href=\"\">Com que frequ\u00eancia o conte\u00fado \u00e9 atualizado?<\/a>\n\t\t\t\t\t<\/div>\n\t\t\t\t\t<div id=\"elementor-tab-content-2373\" class=\"elementor-tab-content elementor-clearfix\" data-tab=\"3\" role=\"tabpanel\" aria-labelledby=\"elementor-tab-title-2373\"><p>Nosso jornal digital \u00e9 atualizado em tempo real, com novas mat\u00e9rias, an\u00e1lises e atualiza\u00e7\u00f5es a cada dia. Voc\u00ea sempre encontrar\u00e1 as informa\u00e7\u00f5es mais recentes em nossas p\u00e1ginas.<\/p><\/div>\n\t\t\t\t<\/div>\n\t\t\t\t\t\t\t<div class=\"elementor-accordion-item\">\n\t\t\t\t\t<div id=\"elementor-tab-title-2374\" class=\"elementor-tab-title\" data-tab=\"4\" role=\"tab\" aria-controls=\"elementor-tab-content-2374\" aria-expanded=\"false\">\n\t\t\t\t\t\t\t\t\t\t\t\t\t<span class=\"elementor-accordion-icon elementor-accordion-icon-left\" aria-hidden=\"true\">\n\t\t\t\t\t\t\t\t\t\t\t\t\t\t\t<span class=\"elementor-accordion-icon-closed\"><i class=\"fas fa-plus\"><\/i><\/span>\n\t\t\t\t\t\t\t\t<span class=\"elementor-accordion-icon-opened\"><i class=\"fas fa-minus\"><\/i><\/span>\n\t\t\t\t\t\t\t\t\t\t\t\t\t\t<\/span>\n\t\t\t\t\t\t\t\t\t\t\t\t<a class=\"elementor-accordion-title\" href=\"\">Como posso entrar em contato com a equipe do jornal?<\/a>\n\t\t\t\t\t<\/div>\n\t\t\t\t\t<div id=\"elementor-tab-content-2374\" class=\"elementor-tab-content elementor-clearfix\" data-tab=\"4\" role=\"tabpanel\" aria-labelledby=\"elementor-tab-title-2374\"><p>Voc\u00ea pode entrar em contato conosco atrav\u00e9s da se\u00e7\u00e3o &#8220;Fale Conosco&#8221; em nosso site. Tamb\u00e9m oferecemos suporte por e-mail e redes sociais, onde nossa equipe estar\u00e1 pronta para responder suas d\u00favidas e feedback.<\/p><\/div>\n\t\t\t\t<\/div>\n\t\t\t\t\t\t\t\t<\/div>\n\t\t\t\t<\/div>\n\t\t\t\t<\/div>\n\t\t\t\t\t\t<\/div>\n\t\t\t\t\t<\/div>\n\t\t<\/div>\n\t\t\t\t\t\t\t\t<\/div>\n\t\t\t\t\t<\/div>\n\t\t<\/section>\n\t\t\t\t\t\t<\/div>\n\t\t\t\t\t\t<\/div>\n\t\t\t\t\t<\/div>\n\t\t","protected":false},"excerpt":{"rendered":"<p>Jornal Digital O Jornal Digital da Sociedade do Not\u00edcias \u00e9 a evolu\u00e7\u00e3o natural da informa\u00e7\u00e3o, projetado para trazer a experi\u00eancia dos jornais impressos para o ambiente digital. Lan\u00e7ado em 2019, este inovador produto n\u00e3o apenas preserva a ess\u00eancia do jornalismo tradicional, mas tamb\u00e9m aproveita as vantagens da tecnologia moderna para fornecer conte\u00fado relevante e actualizado [&hellip;]<\/p>\n","protected":false},"author":1,"featured_media":0,"parent":0,"menu_order":0,"comment_status":"closed","ping_status":"closed","template":"template\/full-width-template.php","meta":{"footnotes":""},"class_list":["post-3513","page","type-page","status-publish","hentry"],"_links":{"self":[{"href":"https:\/\/www.snoticias.co.mz\/index.php?rest_route=\/wp\/v2\/pages\/3513"}],"collection":[{"href":"https:\/\/www.snoticias.co.mz\/index.php?rest_route=\/wp\/v2\/pages"}],"about":[{"href":"https:\/\/www.snoticias.co.mz\/index.php?rest_route=\/wp\/v2\/types\/page"}],"author":[{"embeddable":true,"href":"https:\/\/www.snoticias.co.mz\/index.php?rest_route=\/wp\/v2\/users\/1"}],"replies":[{"embeddable":true,"href":"https:\/\/www.snoticias.co.mz\/index.php?rest_route=%2Fwp%2Fv2%2Fcomments&post=3513"}],"version-history":[{"count":16,"href":"https:\/\/www.snoticias.co.mz\/index.php?rest_route=\/wp\/v2\/pages\/3513\/revisions"}],"predecessor-version":[{"id":3532,"href":"https:\/\/www.snoticias.co.mz\/index.php?rest_route=\/wp\/v2\/pages\/3513\/revisions\/3532"}],"wp:attachment":[{"href":"https:\/\/www.snoticias.co.mz\/index.php?rest_route=%2Fwp%2Fv2%2Fmedia&parent=3513"}],"curies":[{"name":"wp","href":"https:\/\/api.w.org\/{rel}","templated":true}]}}