{"id":3223,"date":"2024-09-12T12:56:30","date_gmt":"2024-09-12T12:56:30","guid":{"rendered":"http:\/\/172.16.0.156\/?page_id=3223"},"modified":"2025-04-09T16:03:41","modified_gmt":"2025-04-09T16:03:41","slug":"sn-editora","status":"publish","type":"page","link":"https:\/\/www.snoticias.co.mz\/?page_id=3223","title":{"rendered":"SN EDITORA"},"content":{"rendered":"\t\t<div data-elementor-type=\"wp-page\" data-elementor-id=\"3223\" class=\"elementor elementor-3223\" data-elementor-settings=\"[]\">\n\t\t\t\t\t\t<div class=\"elementor-inner\">\n\t\t\t\t\t\t\t<div class=\"elementor-section-wrap\">\n\t\t\t\t\t\t\t<section class=\"elementor-section elementor-top-section elementor-element elementor-element-2b4fa63 elementor-section-boxed elementor-section-height-default elementor-section-height-default\" data-id=\"2b4fa63\" data-element_type=\"section\">\n\t\t\t\t\t\t<div class=\"elementor-container elementor-column-gap-default\">\n\t\t\t\t\t\t\t<div class=\"elementor-row\">\n\t\t\t\t\t<div class=\"elementor-column elementor-col-100 elementor-top-column elementor-element elementor-element-13cf522\" data-id=\"13cf522\" data-element_type=\"column\">\n\t\t\t<div class=\"elementor-column-wrap elementor-element-populated\">\n\t\t\t\t\t\t\t<div class=\"elementor-widget-wrap\">\n\t\t\t\t\t\t<div class=\"elementor-element elementor-element-6fbb156 elementor-widget elementor-widget-image\" data-id=\"6fbb156\" data-element_type=\"widget\" data-widget_type=\"image.default\">\n\t\t\t\t<div class=\"elementor-widget-container\">\n\t\t\t\t\t\t\t\t<div class=\"elementor-image\">\n\t\t\t\t\t\t\t\t\t\t\t\t<img loading=\"lazy\" decoding=\"async\" width=\"226\" height=\"146\" src=\"https:\/\/www.snoticias.co.mz\/wp-content\/uploads\/2024\/09\/SNeditora.png\" class=\"attachment-large size-large\" alt=\"\" \/>\t\t\t\t\t\t\t\t\t\t\t\t\t\t<\/div>\n\t\t\t\t\t\t<\/div>\n\t\t\t\t<\/div>\n\t\t\t\t\t\t<\/div>\n\t\t\t\t\t<\/div>\n\t\t<\/div>\n\t\t\t\t\t\t\t\t<\/div>\n\t\t\t\t\t<\/div>\n\t\t<\/section>\n\t\t\t\t<section class=\"elementor-section elementor-top-section elementor-element elementor-element-99ed7a0 elementor-section-boxed elementor-section-height-default elementor-section-height-default\" data-id=\"99ed7a0\" data-element_type=\"section\">\n\t\t\t\t\t\t<div class=\"elementor-container elementor-column-gap-default\">\n\t\t\t\t\t\t\t<div class=\"elementor-row\">\n\t\t\t\t\t<div class=\"elementor-column elementor-col-100 elementor-top-column elementor-element elementor-element-4640890\" data-id=\"4640890\" data-element_type=\"column\">\n\t\t\t<div class=\"elementor-column-wrap elementor-element-populated\">\n\t\t\t\t\t\t\t<div class=\"elementor-widget-wrap\">\n\t\t\t\t\t\t<div class=\"elementor-element elementor-element-b738176 elementor-widget elementor-widget-heading\" data-id=\"b738176\" data-element_type=\"widget\" data-widget_type=\"heading.default\">\n\t\t\t\t<div class=\"elementor-widget-container\">\n\t\t\t<h2 class=\"elementor-heading-title elementor-size-default\">BREVE HIST\u00d3RICO DA SN EDITORA<\/h2>\t\t<\/div>\n\t\t\t\t<\/div>\n\t\t\t\t\t\t<\/div>\n\t\t\t\t\t<\/div>\n\t\t<\/div>\n\t\t\t\t\t\t\t\t<\/div>\n\t\t\t\t\t<\/div>\n\t\t<\/section>\n\t\t\t\t<section class=\"elementor-section elementor-top-section elementor-element elementor-element-1bf2ceb elementor-section-boxed elementor-section-height-default elementor-section-height-default\" data-id=\"1bf2ceb\" data-element_type=\"section\" data-settings=\"{&quot;background_background&quot;:&quot;classic&quot;}\">\n\t\t\t\t\t\t<div class=\"elementor-container elementor-column-gap-default\">\n\t\t\t\t\t\t\t<div class=\"elementor-row\">\n\t\t\t\t\t<div class=\"elementor-column elementor-col-50 elementor-top-column elementor-element elementor-element-41ad70c\" data-id=\"41ad70c\" data-element_type=\"column\">\n\t\t\t<div class=\"elementor-column-wrap elementor-element-populated\">\n\t\t\t\t\t\t\t<div class=\"elementor-widget-wrap\">\n\t\t\t\t\t\t<div class=\"elementor-element elementor-element-22a03b7 elementor-widget elementor-widget-image\" data-id=\"22a03b7\" data-element_type=\"widget\" data-widget_type=\"image.default\">\n\t\t\t\t<div class=\"elementor-widget-container\">\n\t\t\t\t\t\t\t\t<div class=\"elementor-image\">\n\t\t\t\t\t\t\t\t\t\t\t\t<img loading=\"lazy\" decoding=\"async\" width=\"527\" height=\"465\" src=\"https:\/\/www.snoticias.co.mz\/wp-content\/uploads\/2024\/09\/Picture1-527x465-1.png\" class=\"attachment-large size-large\" alt=\"\" srcset=\"https:\/\/www.snoticias.co.mz\/wp-content\/uploads\/2024\/09\/Picture1-527x465-1.png 527w, https:\/\/www.snoticias.co.mz\/wp-content\/uploads\/2024\/09\/Picture1-527x465-1-300x265.png 300w\" sizes=\"(max-width: 527px) 100vw, 527px\" \/>\t\t\t\t\t\t\t\t\t\t\t\t\t\t<\/div>\n\t\t\t\t\t\t<\/div>\n\t\t\t\t<\/div>\n\t\t\t\t\t\t<\/div>\n\t\t\t\t\t<\/div>\n\t\t<\/div>\n\t\t\t\t<div class=\"elementor-column elementor-col-50 elementor-top-column elementor-element elementor-element-c6b28cf\" data-id=\"c6b28cf\" data-element_type=\"column\">\n\t\t\t<div class=\"elementor-column-wrap elementor-element-populated\">\n\t\t\t\t\t\t\t<div class=\"elementor-widget-wrap\">\n\t\t\t\t\t\t<div class=\"elementor-element elementor-element-ff58c96 elementor-widget elementor-widget-text-editor\" data-id=\"ff58c96\" data-element_type=\"widget\" data-widget_type=\"text-editor.default\">\n\t\t\t\t<div class=\"elementor-widget-container\">\n\t\t\t\t\t\t\t\t<div class=\"elementor-text-editor elementor-clearfix\">\n\t\t\t\t<p>A SN Editora\u00a0 \u00e9 uma editora pertencente a Sociedade do Not\u00edcias, SA, que outrora era conhecida como publica\u04ab\u00f5es Not\u00edcias.<\/p><p><b>Livros publicados<\/b><b>:<\/b><\/p><ul><li><b>Afor\u04aba da palavra<\/b> &#8211; Albino Magaia ( 1994);<\/li><li><b>Boroma<\/b> &#8211; Pedro Nacuo (2006)<\/li><li><b>Presidencia aberta e inclusiva<\/b> &#8211; Armando Guebuza (2009)<\/li><\/ul>\t\t\t\t\t<\/div>\n\t\t\t\t\t\t<\/div>\n\t\t\t\t<\/div>\n\t\t\t\t\t\t<\/div>\n\t\t\t\t\t<\/div>\n\t\t<\/div>\n\t\t\t\t\t\t\t\t<\/div>\n\t\t\t\t\t<\/div>\n\t\t<\/section>\n\t\t\t\t<section class=\"elementor-section elementor-top-section elementor-element elementor-element-1119cc5 elementor-section-boxed elementor-section-height-default elementor-section-height-default\" data-id=\"1119cc5\" data-element_type=\"section\">\n\t\t\t\t\t\t<div class=\"elementor-container elementor-column-gap-default\">\n\t\t\t\t\t\t\t<div class=\"elementor-row\">\n\t\t\t\t\t<div class=\"elementor-column elementor-col-50 elementor-top-column elementor-element elementor-element-51c7472\" data-id=\"51c7472\" data-element_type=\"column\">\n\t\t\t<div class=\"elementor-column-wrap elementor-element-populated\">\n\t\t\t\t\t\t\t<div class=\"elementor-widget-wrap\">\n\t\t\t\t\t\t<div class=\"elementor-element elementor-element-f9570cf elementor-widget elementor-widget-autrics-about-us-tab\" data-id=\"f9570cf\" data-element_type=\"widget\" data-widget_type=\"autrics-about-us-tab.default\">\n\t\t\t\t<div class=\"elementor-widget-container\">\n\t\t\t\n      <div class=\"row about-us\">\n         <div class=\"col-lg-4 col-md-4\">\n            <ul class=\"nav nav-tabs ts-tab\" id=\"myTab\" role=\"tablist\">\n                              <li class=\"nav-item\">\n                  <a class=\"nav-link active\"  data-toggle=\"tab\" href=\"#tab-item-0\" role=\"tab\"  aria-selected=\"true\">\n                  <i class=\"icon icon-link\"><\/i>Objectivo<\/a>\n               <\/li>\n                              <li class=\"nav-item\">\n                  <a class=\"nav-link \"  data-toggle=\"tab\" href=\"#tab-item-1\" role=\"tab\"  aria-selected=\"true\">\n                  <i class=\"icon icon-eye\"><\/i>Vis\u00e3o<\/a>\n               <\/li>\n                              <li class=\"nav-item\">\n                  <a class=\"nav-link \"  data-toggle=\"tab\" href=\"#tab-item-2\" role=\"tab\"  aria-selected=\"true\">\n                  <i class=\"icon icon-flag\"><\/i>Miss\u00e3o<\/a>\n               <\/li>\n                              <li class=\"nav-item\">\n                  <a class=\"nav-link \"  data-toggle=\"tab\" href=\"#tab-item-3\" role=\"tab\"  aria-selected=\"true\">\n                  <i class=\"icon icon-care\"><\/i>Valores<\/a>\n               <\/li>\n                           <\/ul><!-- ul end -->\n         <\/div><!-- Col end -->\n         <div class=\"col-lg-8 col-md-8 about-us\">\n            <div class=\"tab-content ts-tab-content\" id=\"myTabContent\">\n                           <div class=\"tab-pane fade show active\" id=\"tab-item-0\" role=\"tabpanel\">\n                  <h2 class=\"column-title-sm\">\n                                    Objectivo                  <\/h2>\n                  <p>\n                  <p>Divulgar obras de diversos autores renomados e aspirantes.<\/p><p><b>Diferencial competitivo: <\/b><\/p><ul><li>Concep\u00e7\u00e3o;<\/li><li>Impress\u00e3o em larga escala;<\/li><li>Distribui\u00e7\u00e3o a n\u00edvel nacional e promo\u00e7\u00e3o.<\/li><\/ul>                  <\/p>\n               <\/div> <!-- tab pane end -->\n                              <div class=\"tab-pane fade show \" id=\"tab-item-1\" role=\"tabpanel\">\n                  <h2 class=\"column-title-sm\">\n                                    Vis\u00e3o                  <\/h2>\n                  <p>\n                  <p>Ser uma editora de refer\u00eancia nacional e internacional na produ\u00e7\u00e3o e distribui\u00e7\u00e3o de obras liter\u00e1rias.<\/p>                  <\/p>\n               <\/div> <!-- tab pane end -->\n                              <div class=\"tab-pane fade show \" id=\"tab-item-2\" role=\"tabpanel\">\n                  <h2 class=\"column-title-sm\">\n                                    Miss\u00e3o                  <\/h2>\n                  <p>\n                  <p>Contribuir para massifica\u00e7\u00e3o das obras liter\u00e1rias mo\u00e7ambicanas nos diversos niveis.<\/p>                  <\/p>\n               <\/div> <!-- tab pane end -->\n                              <div class=\"tab-pane fade show \" id=\"tab-item-3\" role=\"tabpanel\">\n                  <h2 class=\"column-title-sm\">\n                                    OBJECTIVO GERAL                  <\/h2>\n                  <p>\n                  <ul><li>Rigor;<\/li><li>Originalidade;<\/li><li>Responsabilidade;<\/li><li>Qualidade;<\/li><\/ul>                  <\/p>\n               <\/div> <!-- tab pane end -->\n                           <\/div> <!-- tab content -->\n         <\/div> <!-- col end -->\n      <\/div><!-- Row end -->\n \n     \t\t<\/div>\n\t\t\t\t<\/div>\n\t\t\t\t\t\t<\/div>\n\t\t\t\t\t<\/div>\n\t\t<\/div>\n\t\t\t\t<div class=\"elementor-column elementor-col-50 elementor-top-column elementor-element elementor-element-a627787\" data-id=\"a627787\" data-element_type=\"column\">\n\t\t\t<div class=\"elementor-column-wrap elementor-element-populated\">\n\t\t\t\t\t\t\t<div class=\"elementor-widget-wrap\">\n\t\t\t\t\t\t<div class=\"elementor-element elementor-element-937ee2e elementor-widget elementor-widget-image\" data-id=\"937ee2e\" data-element_type=\"widget\" data-widget_type=\"image.default\">\n\t\t\t\t<div class=\"elementor-widget-container\">\n\t\t\t\t\t\t\t\t<div class=\"elementor-image\">\n\t\t\t\t\t\t\t\t\t\t\t\t<img loading=\"lazy\" decoding=\"async\" width=\"454\" height=\"452\" src=\"https:\/\/www.snoticias.co.mz\/wp-content\/uploads\/2024\/09\/Picture1-1.png\" class=\"attachment-large size-large\" alt=\"\" srcset=\"https:\/\/www.snoticias.co.mz\/wp-content\/uploads\/2024\/09\/Picture1-1.png 454w, https:\/\/www.snoticias.co.mz\/wp-content\/uploads\/2024\/09\/Picture1-1-300x300.png 300w, https:\/\/www.snoticias.co.mz\/wp-content\/uploads\/2024\/09\/Picture1-1-150x150.png 150w\" sizes=\"(max-width: 454px) 100vw, 454px\" \/>\t\t\t\t\t\t\t\t\t\t\t\t\t\t<\/div>\n\t\t\t\t\t\t<\/div>\n\t\t\t\t<\/div>\n\t\t\t\t\t\t<\/div>\n\t\t\t\t\t<\/div>\n\t\t<\/div>\n\t\t\t\t\t\t\t\t<\/div>\n\t\t\t\t\t<\/div>\n\t\t<\/section>\n\t\t\t\t\t\t<\/div>\n\t\t\t\t\t\t<\/div>\n\t\t\t\t\t<\/div>\n\t\t","protected":false},"excerpt":{"rendered":"<p>BREVE HIST\u00d3RICO DA SN EDITORA A SN Editora\u00a0 \u00e9 uma editora pertencente a Sociedade do Not\u00edcias, SA, que outrora era conhecida como publica\u04ab\u00f5es Not\u00edcias. Livros publicados: Afor\u04aba da palavra &#8211; Albino Magaia ( 1994); Boroma &#8211; Pedro Nacuo (2006) Presidencia aberta e inclusiva &#8211; Armando Guebuza (2009) Objectivo Vis\u00e3o Miss\u00e3o Valores Objectivo Divulgar obras de [&hellip;]<\/p>\n","protected":false},"author":1,"featured_media":0,"parent":0,"menu_order":0,"comment_status":"closed","ping_status":"closed","template":"template\/full-width-template.php","meta":{"footnotes":""},"class_list":["post-3223","page","type-page","status-publish","hentry"],"_links":{"self":[{"href":"https:\/\/www.snoticias.co.mz\/index.php?rest_route=\/wp\/v2\/pages\/3223"}],"collection":[{"href":"https:\/\/www.snoticias.co.mz\/index.php?rest_route=\/wp\/v2\/pages"}],"about":[{"href":"https:\/\/www.snoticias.co.mz\/index.php?rest_route=\/wp\/v2\/types\/page"}],"author":[{"embeddable":true,"href":"https:\/\/www.snoticias.co.mz\/index.php?rest_route=\/wp\/v2\/users\/1"}],"replies":[{"embeddable":true,"href":"https:\/\/www.snoticias.co.mz\/index.php?rest_route=%2Fwp%2Fv2%2Fcomments&post=3223"}],"version-history":[{"count":29,"href":"https:\/\/www.snoticias.co.mz\/index.php?rest_route=\/wp\/v2\/pages\/3223\/revisions"}],"predecessor-version":[{"id":3462,"href":"https:\/\/www.snoticias.co.mz\/index.php?rest_route=\/wp\/v2\/pages\/3223\/revisions\/3462"}],"wp:attachment":[{"href":"https:\/\/www.snoticias.co.mz\/index.php?rest_route=%2Fwp%2Fv2%2Fmedia&parent=3223"}],"curies":[{"name":"wp","href":"https:\/\/api.w.org\/{rel}","templated":true}]}}