{"id":3189,"date":"2024-09-02T14:05:31","date_gmt":"2024-09-02T14:05:31","guid":{"rendered":"http:\/\/172.16.0.156\/?page_id=3189"},"modified":"2025-04-09T16:01:34","modified_gmt":"2025-04-09T16:01:34","slug":"arquivo","status":"publish","type":"page","link":"https:\/\/www.snoticias.co.mz\/?page_id=3189","title":{"rendered":"Arquivo"},"content":{"rendered":"\t\t<div data-elementor-type=\"wp-page\" data-elementor-id=\"3189\" class=\"elementor elementor-3189\" data-elementor-settings=\"[]\">\n\t\t\t\t\t\t<div class=\"elementor-inner\">\n\t\t\t\t\t\t\t<div class=\"elementor-section-wrap\">\n\t\t\t\t\t\t\t<section class=\"elementor-section elementor-top-section elementor-element elementor-element-c2b6fda elementor-section-boxed elementor-section-height-default elementor-section-height-default\" data-id=\"c2b6fda\" data-element_type=\"section\">\n\t\t\t\t\t\t<div class=\"elementor-container elementor-column-gap-default\">\n\t\t\t\t\t\t\t<div class=\"elementor-row\">\n\t\t\t\t\t<div class=\"elementor-column elementor-col-100 elementor-top-column elementor-element elementor-element-75a1d1e\" data-id=\"75a1d1e\" data-element_type=\"column\">\n\t\t\t<div class=\"elementor-column-wrap elementor-element-populated\">\n\t\t\t\t\t\t\t<div class=\"elementor-widget-wrap\">\n\t\t\t\t\t\t<div class=\"elementor-element elementor-element-585504f elementor-widget elementor-widget-autrics-title\" data-id=\"585504f\" data-element_type=\"widget\" data-widget_type=\"autrics-title.default\">\n\t\t\t\t<div class=\"elementor-widget-container\">\n\t\t\t              <div class=\"title-section-area\">\n\t           <h2 class=\"section-title\">\n                  Arquivo\t\t\t   <\/h2>\n      <\/div><!-- Section title -->\t\t\n       \n      \n    \t\t<\/div>\n\t\t\t\t<\/div>\n\t\t\t\t\t\t<\/div>\n\t\t\t\t\t<\/div>\n\t\t<\/div>\n\t\t\t\t\t\t\t\t<\/div>\n\t\t\t\t\t<\/div>\n\t\t<\/section>\n\t\t\t\t<section class=\"elementor-section elementor-top-section elementor-element elementor-element-675d363 elementor-section-boxed elementor-section-height-default elementor-section-height-default\" data-id=\"675d363\" data-element_type=\"section\">\n\t\t\t\t\t\t<div class=\"elementor-container elementor-column-gap-default\">\n\t\t\t\t\t\t\t<div class=\"elementor-row\">\n\t\t\t\t\t<div class=\"elementor-column elementor-col-50 elementor-top-column elementor-element elementor-element-957a89d\" data-id=\"957a89d\" data-element_type=\"column\">\n\t\t\t<div class=\"elementor-column-wrap elementor-element-populated\">\n\t\t\t\t\t\t\t<div class=\"elementor-widget-wrap\">\n\t\t\t\t\t\t<div class=\"elementor-element elementor-element-74f7aeb elementor-widget elementor-widget-image\" data-id=\"74f7aeb\" data-element_type=\"widget\" data-widget_type=\"image.default\">\n\t\t\t\t<div class=\"elementor-widget-container\">\n\t\t\t\t\t\t\t\t<div class=\"elementor-image\">\n\t\t\t\t\t\t\t\t\t\t\t\t<img loading=\"lazy\" decoding=\"async\" width=\"800\" height=\"534\" src=\"https:\/\/www.snoticias.co.mz\/wp-content\/uploads\/2024\/09\/Foto-Escolhida-1536x1024-1-1024x683.jpg\" class=\"attachment-large size-large\" alt=\"\" srcset=\"https:\/\/www.snoticias.co.mz\/wp-content\/uploads\/2024\/09\/Foto-Escolhida-1536x1024-1-1024x683.jpg 1024w, https:\/\/www.snoticias.co.mz\/wp-content\/uploads\/2024\/09\/Foto-Escolhida-1536x1024-1-300x200.jpg 300w, https:\/\/www.snoticias.co.mz\/wp-content\/uploads\/2024\/09\/Foto-Escolhida-1536x1024-1-768x512.jpg 768w, https:\/\/www.snoticias.co.mz\/wp-content\/uploads\/2024\/09\/Foto-Escolhida-1536x1024-1.jpg 1536w\" sizes=\"(max-width: 800px) 100vw, 800px\" \/>\t\t\t\t\t\t\t\t\t\t\t\t\t\t<\/div>\n\t\t\t\t\t\t<\/div>\n\t\t\t\t<\/div>\n\t\t\t\t\t\t<\/div>\n\t\t\t\t\t<\/div>\n\t\t<\/div>\n\t\t\t\t<div class=\"elementor-column elementor-col-50 elementor-top-column elementor-element elementor-element-3b11ec0\" data-id=\"3b11ec0\" data-element_type=\"column\" data-settings=\"{&quot;background_background&quot;:&quot;classic&quot;}\">\n\t\t\t<div class=\"elementor-column-wrap elementor-element-populated\">\n\t\t\t\t\t<div class=\"elementor-background-overlay\"><\/div>\n\t\t\t\t\t\t\t<div class=\"elementor-widget-wrap\">\n\t\t\t\t\t\t<div class=\"elementor-element elementor-element-5b26e78 elementor-widget elementor-widget-text-editor\" data-id=\"5b26e78\" data-element_type=\"widget\" data-widget_type=\"text-editor.default\">\n\t\t\t\t<div class=\"elementor-widget-container\">\n\t\t\t\t\t\t\t\t<div class=\"elementor-text-editor elementor-clearfix\">\n\t\t\t\t<p style=\"text-align: center;\">O Arquivo da Sociedade do Not\u00edcias desempenha o papel de guardi\u00e3o fiel dos elementos que comp\u00f5em a hist\u00f3ria da nossa empresa desde a sua funda\u00e7\u00e3o, apesar da inevit\u00e1vel assimetria temporal. Com sua longa traject\u00f3ria, o Jornal Not\u00edcias se transforma em mem\u00f3ria tang\u00edvel, sendo o Arquivo um recurso confi\u00e1vel e indispens\u00e1vel na constru\u00e7\u00e3o da narrativa de Mo\u00e7ambique, tanto no per\u00edodo colonial quanto no independente, e tamb\u00e9m dos outros pa\u00edses e do mundo.<\/p>\t\t\t\t\t<\/div>\n\t\t\t\t\t\t<\/div>\n\t\t\t\t<\/div>\n\t\t\t\t\t\t<\/div>\n\t\t\t\t\t<\/div>\n\t\t<\/div>\n\t\t\t\t\t\t\t\t<\/div>\n\t\t\t\t\t<\/div>\n\t\t<\/section>\n\t\t\t\t\t\t<\/div>\n\t\t\t\t\t\t<\/div>\n\t\t\t\t\t<\/div>\n\t\t","protected":false},"excerpt":{"rendered":"<p>Arquivo O Arquivo da Sociedade do Not\u00edcias desempenha o papel de guardi\u00e3o fiel dos elementos que comp\u00f5em a hist\u00f3ria da nossa empresa desde a sua funda\u00e7\u00e3o, apesar da inevit\u00e1vel assimetria temporal. Com sua longa traject\u00f3ria, o Jornal Not\u00edcias se transforma em mem\u00f3ria tang\u00edvel, sendo o Arquivo um recurso confi\u00e1vel e indispens\u00e1vel na constru\u00e7\u00e3o da narrativa [&hellip;]<\/p>\n","protected":false},"author":1,"featured_media":0,"parent":0,"menu_order":0,"comment_status":"closed","ping_status":"closed","template":"template\/full-width-template.php","meta":{"footnotes":""},"class_list":["post-3189","page","type-page","status-publish","hentry"],"_links":{"self":[{"href":"https:\/\/www.snoticias.co.mz\/index.php?rest_route=\/wp\/v2\/pages\/3189"}],"collection":[{"href":"https:\/\/www.snoticias.co.mz\/index.php?rest_route=\/wp\/v2\/pages"}],"about":[{"href":"https:\/\/www.snoticias.co.mz\/index.php?rest_route=\/wp\/v2\/types\/page"}],"author":[{"embeddable":true,"href":"https:\/\/www.snoticias.co.mz\/index.php?rest_route=\/wp\/v2\/users\/1"}],"replies":[{"embeddable":true,"href":"https:\/\/www.snoticias.co.mz\/index.php?rest_route=%2Fwp%2Fv2%2Fcomments&post=3189"}],"version-history":[{"count":11,"href":"https:\/\/www.snoticias.co.mz\/index.php?rest_route=\/wp\/v2\/pages\/3189\/revisions"}],"predecessor-version":[{"id":3461,"href":"https:\/\/www.snoticias.co.mz\/index.php?rest_route=\/wp\/v2\/pages\/3189\/revisions\/3461"}],"wp:attachment":[{"href":"https:\/\/www.snoticias.co.mz\/index.php?rest_route=%2Fwp%2Fv2%2Fmedia&parent=3189"}],"curies":[{"name":"wp","href":"https:\/\/api.w.org\/{rel}","templated":true}]}}